{"id":19183,"date":"2020-11-10T10:45:47","date_gmt":"2020-11-10T08:45:47","guid":{"rendered":"https:\/\/goldenskate.fi\/?page_id=19183"},"modified":"2024-06-13T12:32:25","modified_gmt":"2024-06-13T09:32:25","slug":"complaints","status":"publish","type":"page","link":"https:\/\/goldenskate.fi\/en\/complaints\/","title":{"rendered":"Complaints"},"content":{"rendered":"\t\t<div data-elementor-type=\"wp-page\" data-elementor-id=\"19183\" class=\"elementor elementor-19183 elementor-13271\" data-elementor-post-type=\"page\">\n\t\t\t\t\t\t<section class=\"elementor-section elementor-top-section elementor-element elementor-element-118c8c9f elementor-section-boxed elementor-section-height-default elementor-section-height-default\" data-id=\"118c8c9f\" data-element_type=\"section\" data-e-type=\"section\">\n\t\t\t\t\t\t<div class=\"elementor-container elementor-column-gap-default\">\n\t\t\t\t\t<div class=\"elementor-column elementor-col-100 elementor-top-column elementor-element elementor-element-71016d4b\" data-id=\"71016d4b\" data-element_type=\"column\" data-e-type=\"column\">\n\t\t\t<div class=\"elementor-widget-wrap elementor-element-populated\">\n\t\t\t\t\t\t<div class=\"elementor-element elementor-element-1f48d1d9 elementor-widget elementor-widget-text-editor\" data-id=\"1f48d1d9\" data-element_type=\"widget\" data-e-type=\"widget\" data-widget_type=\"text-editor.default\">\n\t\t\t\t<div class=\"elementor-widget-container\">\n\t\t\t\t\t\t\t\t\t<p dir=\"ltr\" data-placeholder=\"K\u00e4\u00e4nn\u00f6s\"><span lang=\"en\">In case of complaints, always send a photo of the product to be complained about and the receipt or online order to our e-mail&nbsp;<a href=\"mailto: info@goldenskate.fi\" target=\"_blank\" rel=\"noopener\">info@goldenskate.fi<\/a>. This is the only complaint channel we have in use.&nbsp;<br><\/span><span style=\"font-size: 14px; color: var( --e-global-color-text ); font-family: var( --e-global-typography-text-font-family ), Sans-serif;\">We always forward the information of the complained product to the factory. The factory assesses the appropriateness of the complaint. The primary aim is to repair the product. If the repair is not successful, the product will be replaced.&nbsp;<\/span><\/p>\n<p dir=\"ltr\" data-placeholder=\"K\u00e4\u00e4nn\u00f6s\">The product exchange is carried out as soon as possible, within 3 weeks after the complaint has been accepted and the customer has been notified of the arrival of the replacement product.&nbsp;<\/p>\n<p dir=\"ltr\" data-placeholder=\"K\u00e4\u00e4nn\u00f6s\">If the exchange is not carried out within 3 weeks of the product announcement, it is considered that the complaint has expired and the product under complaint is still usable.<\/p>\n<p dir=\"ltr\" data-placeholder=\"K\u00e4\u00e4nn\u00f6s\"><span lang=\"en\">The warranty period for skate shoes is 3 months and for blades 1 year.<\/span><\/p>\n<p>All our services have 100% satisfaction guarantee. If you are not happy with our services please notify us&nbsp;<span style=\"font-size: 14px; font-style: normal; font-weight: 400; color: var( --e-global-color-text ); font-family: var( --e-global-typography-text-font-family ), Sans-serif;\">&nbsp;<\/span><a style=\"font-size: 14px; font-style: normal; font-family: var( --e-global-typography-text-font-family ), Sans-serif; background-color: #ffffff; font-weight: normal;\" href=\"mailto:%20info@goldenskate.fi\" target=\"_blank\" rel=\"noopener\">info@goldenskate.fi<\/a><span style=\"font-size: 14px; color: var( --e-global-color-text ); font-family: var( --e-global-typography-text-font-family ), Sans-serif;\">&nbsp;within 7 days from receiving the item.<\/span><\/p>\n<p>For secondhand products purchased from us, we do not accept complaints. The products are purchased as they are at the time of purchase<\/p>\t\t\t\t\t\t\t\t<\/div>\n\t\t\t\t<\/div>\n\t\t\t\t\t<\/div>\n\t\t<\/div>\n\t\t\t\t\t<\/div>\n\t\t<\/section>\n\t\t\t\t<\/div>\n\t\t","protected":false},"excerpt":{"rendered":"<p>In case of complaints, always send a photo of the product to be complained about and the receipt or online order to our e-mail&nbsp;info@goldenskate.fi. This is the only complaint channel we have in use.&nbsp;We always forward the information of the complained product to the factory. The factory assesses the appropriateness of the complaint. The primary [&hellip;]<\/p>\n","protected":false},"author":2,"featured_media":0,"parent":0,"menu_order":0,"comment_status":"closed","ping_status":"closed","template":"","meta":{"_acf_changed":false,"footnotes":""},"class_list":["post-19183","page","type-page","status-publish","hentry"],"yoast_head":"<!-- This site is optimized with the Yoast SEO plugin v27.3 - https:\/\/yoast.com\/product\/yoast-seo-wordpress\/ -->\n<title>Complaints - Golden Skate<\/title>\n<meta name=\"robots\" content=\"index, follow, max-snippet:-1, max-image-preview:large, max-video-preview:-1\" \/>\n<link rel=\"canonical\" href=\"https:\/\/goldenskate.fi\/en\/complaints\/\" \/>\n<meta property=\"og:locale\" content=\"en_US\" \/>\n<meta property=\"og:type\" content=\"article\" \/>\n<meta property=\"og:title\" content=\"Complaints - Golden Skate\" \/>\n<meta property=\"og:description\" content=\"In case of complaints, always send a photo of the product to be complained about and the receipt or online order to our e-mail&nbsp;info@goldenskate.fi. This is the only complaint channel we have in use.&nbsp;We always forward the information of the complained product to the factory. The factory assesses the appropriateness of the complaint. The primary [&hellip;]\" \/>\n<meta property=\"og:url\" content=\"https:\/\/goldenskate.fi\/en\/complaints\/\" \/>\n<meta property=\"og:site_name\" content=\"Golden Skate\" \/>\n<meta property=\"article:modified_time\" content=\"2024-06-13T09:32:25+00:00\" \/>\n<meta name=\"twitter:card\" content=\"summary_large_image\" \/>\n<meta name=\"twitter:label1\" content=\"Est. reading time\" \/>\n\t<meta name=\"twitter:data1\" content=\"1 minute\" \/>\n<script type=\"application\/ld+json\" class=\"yoast-schema-graph\">{\"@context\":\"https:\\\/\\\/schema.org\",\"@graph\":[{\"@type\":\"WebPage\",\"@id\":\"https:\\\/\\\/goldenskate.fi\\\/en\\\/complaints\\\/\",\"url\":\"https:\\\/\\\/goldenskate.fi\\\/en\\\/complaints\\\/\",\"name\":\"Complaints - Golden Skate\",\"isPartOf\":{\"@id\":\"https:\\\/\\\/goldenskate.fi\\\/en\\\/#website\"},\"datePublished\":\"2020-11-10T08:45:47+00:00\",\"dateModified\":\"2024-06-13T09:32:25+00:00\",\"breadcrumb\":{\"@id\":\"https:\\\/\\\/goldenskate.fi\\\/en\\\/complaints\\\/#breadcrumb\"},\"inLanguage\":\"en-US\",\"potentialAction\":[{\"@type\":\"ReadAction\",\"target\":[\"https:\\\/\\\/goldenskate.fi\\\/en\\\/complaints\\\/\"]}]},{\"@type\":\"BreadcrumbList\",\"@id\":\"https:\\\/\\\/goldenskate.fi\\\/en\\\/complaints\\\/#breadcrumb\",\"itemListElement\":[{\"@type\":\"ListItem\",\"position\":1,\"name\":\"Etusivu\",\"item\":\"https:\\\/\\\/goldenskate.fi\\\/en\\\/\"},{\"@type\":\"ListItem\",\"position\":2,\"name\":\"Complaints\"}]},{\"@type\":\"WebSite\",\"@id\":\"https:\\\/\\\/goldenskate.fi\\\/en\\\/#website\",\"url\":\"https:\\\/\\\/goldenskate.fi\\\/en\\\/\",\"name\":\"Golden Skate\",\"description\":\"Taitoluistin myym\u00e4l\u00e4 ja verkkokauppa Tampereella\",\"publisher\":{\"@id\":\"https:\\\/\\\/goldenskate.fi\\\/en\\\/#organization\"},\"potentialAction\":[{\"@type\":\"SearchAction\",\"target\":{\"@type\":\"EntryPoint\",\"urlTemplate\":\"https:\\\/\\\/goldenskate.fi\\\/en\\\/?s={search_term_string}\"},\"query-input\":{\"@type\":\"PropertyValueSpecification\",\"valueRequired\":true,\"valueName\":\"search_term_string\"}}],\"inLanguage\":\"en-US\"},{\"@type\":\"Organization\",\"@id\":\"https:\\\/\\\/goldenskate.fi\\\/en\\\/#organization\",\"name\":\"Golden Skate Oy\",\"url\":\"https:\\\/\\\/goldenskate.fi\\\/en\\\/\",\"logo\":{\"@type\":\"ImageObject\",\"inLanguage\":\"en-US\",\"@id\":\"https:\\\/\\\/goldenskate.fi\\\/en\\\/#\\\/schema\\\/logo\\\/image\\\/\",\"url\":\"https:\\\/\\\/goldenskate.fi\\\/wp-content\\\/uploads\\\/2020\\\/10\\\/cropped-GoldenSkateLogo.png\",\"contentUrl\":\"https:\\\/\\\/goldenskate.fi\\\/wp-content\\\/uploads\\\/2020\\\/10\\\/cropped-GoldenSkateLogo.png\",\"width\":512,\"height\":512,\"caption\":\"Golden Skate Oy\"},\"image\":{\"@id\":\"https:\\\/\\\/goldenskate.fi\\\/en\\\/#\\\/schema\\\/logo\\\/image\\\/\"}}]}<\/script>\n<!-- \/ Yoast SEO plugin. -->","yoast_head_json":{"title":"Complaints - Golden Skate","robots":{"index":"index","follow":"follow","max-snippet":"max-snippet:-1","max-image-preview":"max-image-preview:large","max-video-preview":"max-video-preview:-1"},"canonical":"https:\/\/goldenskate.fi\/en\/complaints\/","og_locale":"en_US","og_type":"article","og_title":"Complaints - Golden Skate","og_description":"In case of complaints, always send a photo of the product to be complained about and the receipt or online order to our e-mail&nbsp;info@goldenskate.fi. This is the only complaint channel we have in use.&nbsp;We always forward the information of the complained product to the factory. The factory assesses the appropriateness of the complaint. The primary [&hellip;]","og_url":"https:\/\/goldenskate.fi\/en\/complaints\/","og_site_name":"Golden Skate","article_modified_time":"2024-06-13T09:32:25+00:00","twitter_card":"summary_large_image","twitter_misc":{"Est. reading time":"1 minute"},"schema":{"@context":"https:\/\/schema.org","@graph":[{"@type":"WebPage","@id":"https:\/\/goldenskate.fi\/en\/complaints\/","url":"https:\/\/goldenskate.fi\/en\/complaints\/","name":"Complaints - Golden Skate","isPartOf":{"@id":"https:\/\/goldenskate.fi\/en\/#website"},"datePublished":"2020-11-10T08:45:47+00:00","dateModified":"2024-06-13T09:32:25+00:00","breadcrumb":{"@id":"https:\/\/goldenskate.fi\/en\/complaints\/#breadcrumb"},"inLanguage":"en-US","potentialAction":[{"@type":"ReadAction","target":["https:\/\/goldenskate.fi\/en\/complaints\/"]}]},{"@type":"BreadcrumbList","@id":"https:\/\/goldenskate.fi\/en\/complaints\/#breadcrumb","itemListElement":[{"@type":"ListItem","position":1,"name":"Etusivu","item":"https:\/\/goldenskate.fi\/en\/"},{"@type":"ListItem","position":2,"name":"Complaints"}]},{"@type":"WebSite","@id":"https:\/\/goldenskate.fi\/en\/#website","url":"https:\/\/goldenskate.fi\/en\/","name":"Golden Skate","description":"Taitoluistin myym\u00e4l\u00e4 ja verkkokauppa Tampereella","publisher":{"@id":"https:\/\/goldenskate.fi\/en\/#organization"},"potentialAction":[{"@type":"SearchAction","target":{"@type":"EntryPoint","urlTemplate":"https:\/\/goldenskate.fi\/en\/?s={search_term_string}"},"query-input":{"@type":"PropertyValueSpecification","valueRequired":true,"valueName":"search_term_string"}}],"inLanguage":"en-US"},{"@type":"Organization","@id":"https:\/\/goldenskate.fi\/en\/#organization","name":"Golden Skate Oy","url":"https:\/\/goldenskate.fi\/en\/","logo":{"@type":"ImageObject","inLanguage":"en-US","@id":"https:\/\/goldenskate.fi\/en\/#\/schema\/logo\/image\/","url":"https:\/\/goldenskate.fi\/wp-content\/uploads\/2020\/10\/cropped-GoldenSkateLogo.png","contentUrl":"https:\/\/goldenskate.fi\/wp-content\/uploads\/2020\/10\/cropped-GoldenSkateLogo.png","width":512,"height":512,"caption":"Golden Skate Oy"},"image":{"@id":"https:\/\/goldenskate.fi\/en\/#\/schema\/logo\/image\/"}}]}},"acf":[],"_links":{"self":[{"href":"https:\/\/goldenskate.fi\/en\/wp-json\/wp\/v2\/pages\/19183","targetHints":{"allow":["GET"]}}],"collection":[{"href":"https:\/\/goldenskate.fi\/en\/wp-json\/wp\/v2\/pages"}],"about":[{"href":"https:\/\/goldenskate.fi\/en\/wp-json\/wp\/v2\/types\/page"}],"author":[{"embeddable":true,"href":"https:\/\/goldenskate.fi\/en\/wp-json\/wp\/v2\/users\/2"}],"replies":[{"embeddable":true,"href":"https:\/\/goldenskate.fi\/en\/wp-json\/wp\/v2\/comments?post=19183"}],"version-history":[{"count":20,"href":"https:\/\/goldenskate.fi\/en\/wp-json\/wp\/v2\/pages\/19183\/revisions"}],"predecessor-version":[{"id":55829,"href":"https:\/\/goldenskate.fi\/en\/wp-json\/wp\/v2\/pages\/19183\/revisions\/55829"}],"wp:attachment":[{"href":"https:\/\/goldenskate.fi\/en\/wp-json\/wp\/v2\/media?parent=19183"}],"curies":[{"name":"wp","href":"https:\/\/api.w.org\/{rel}","templated":true}]}}