{"id":150985,"date":"2026-05-11T13:58:32","date_gmt":"2026-05-11T10:58:32","guid":{"rendered":"https:\/\/goldenskate.fi\/?post_type=product&#038;p=150985"},"modified":"2026-05-11T15:40:10","modified_gmt":"2026-05-11T12:40:10","slug":"edea-eco-mink-blade-guards-kopio","status":"publish","type":"product","link":"https:\/\/goldenskate.fi\/en\/product\/edea-eco-mink-blade-guards-kopio\/","title":{"rendered":"Edea Eco Mink blade guards"},"content":{"rendered":"<h3 data-section-id=\"14u6hnn\" data-start=\"996\" data-end=\"1061\">Edea Eco Fur Blade Covers \u2013 Luxury Protection for Your Blades<\/h3>\n<p data-start=\"1063\" data-end=\"1252\">The Edea Eco Fur Blade Covers add a touch of luxury to every skater\u2019s gear. Soft faux fur, a knitted collar, and a sparkling Edea logo combine elegant style with practical blade protection.<\/p>\n<p data-start=\"1254\" data-end=\"1462\">After skating, drying your blades is essential to help prevent rust. The padded, absorbent inner lining helps keep blades drier while protecting the blade edges, helping them stay in top condition for longer.<\/p>\n<p data-start=\"1464\" data-end=\"1602\">Designed not only for style but also for durability, these blade covers are perfect for everyday training sessions and competitions alike.<\/p>\n<ul data-start=\"1604\" data-end=\"1863\">\n<li data-section-id=\"dr3wc7\" data-start=\"1604\" data-end=\"1650\">Soft faux fur exterior with knitted collar<\/li>\n<li data-section-id=\"688cg1\" data-start=\"1651\" data-end=\"1696\">Absorbent inner lining helps prevent rust<\/li>\n<li data-section-id=\"sh4n9f\" data-start=\"1697\" data-end=\"1741\">Padded construction protects blade edges<\/li>\n<li data-section-id=\"1np1bty\" data-start=\"1742\" data-end=\"1787\">Sparkling Edea logo for an elegant finish<\/li>\n<li data-section-id=\"uuh0or\" data-start=\"1788\" data-end=\"1830\">One size fits most figure skate blades<\/li>\n<\/ul>\n","protected":false},"excerpt":{"rendered":"<p>Elegant Edea Eco-Mink blade covers protect skate blades, absorb moisture, and help prevent rust with a soft faux-fur design.<\/p>\n","protected":false},"featured_media":39405,"comment_status":"closed","ping_status":"closed","template":"","meta":{"_acf_changed":false},"product_brand":[],"product_cat":[50,47,3446,3445,3768],"product_tag":[4696,4704,4697,4815,4784,4888,4884,4715,4739,4740,4741,4880,4868,4882,4812,4814,4766,4776,4875,4876],"class_list":{"0":"post-150985","1":"product","2":"type-product","3":"status-publish","4":"has-post-thumbnail","6":"product_cat-6accessories","7":"product_cat-9products-total","8":"product_cat-edea-en","9":"product_cat-soft-blade-covers","10":"product_cat-uutuudet","11":"product_tag-beginner","12":"product_tag-beginner-accessories","13":"product_tag-beginner-skates","14":"product_tag-blade-covers-en","15":"product_tag-bootcover","16":"product_tag-cover","17":"product_tag-covers","18":"product_tag-edea-en-2","19":"product_tag-fabric-cover","20":"product_tag-fabric-covers","21":"product_tag-figure-skating","22":"product_tag-figure-skating-en","23":"product_tag-figure-skating-accessories","24":"product_tag-reservation","25":"product_tag-skate-covers","26":"product_tag-skate-storage","27":"product_tag-skating","28":"product_tag-skating-accessories","29":"product_tag-soft","30":"product_tag-soft-en","31":"pa_vari-black","32":"pa_vari-pink-en","33":"pa_vari-white","35":"first","36":"instock","37":"taxable","38":"shipping-taxable","39":"purchasable","40":"product-type-variable"},"acf":[],"yoast_head":"<!-- This site is optimized with the Yoast SEO plugin v27.5 - https:\/\/yoast.com\/product\/yoast-seo-wordpress\/ -->\n<title>Edea Eco Mink blade guards - Golden Skate<\/title>\n<meta name=\"description\" content=\"Edea Eco-Mink blade covers protect figure skate blades with soft faux fur, moisture-absorbing lining, and reinforced protection against rust and wear.\" \/>\n<meta name=\"robots\" content=\"index, follow, max-snippet:-1, max-image-preview:large, max-video-preview:-1\" \/>\n<link rel=\"canonical\" href=\"https:\/\/goldenskate.fi\/en\/product\/edea-eco-mink-blade-guards-kopio\/\" \/>\n<meta property=\"og:locale\" content=\"en_US\" \/>\n<meta property=\"og:type\" content=\"article\" \/>\n<meta property=\"og:title\" content=\"Edea Eco Mink blade guards - Golden Skate\" \/>\n<meta property=\"og:description\" content=\"Edea Eco-Mink blade covers protect figure skate blades with soft faux fur, moisture-absorbing lining, and reinforced protection against rust and wear.\" \/>\n<meta property=\"og:url\" content=\"https:\/\/goldenskate.fi\/en\/product\/edea-eco-mink-blade-guards-kopio\/\" \/>\n<meta property=\"og:site_name\" content=\"Golden Skate\" \/>\n<meta property=\"article:modified_time\" content=\"2026-05-11T12:40:10+00:00\" \/>\n<meta property=\"og:image\" content=\"https:\/\/goldenskate.fi\/wp-content\/uploads\/2021\/05\/coprilama-mink.jpg\" \/>\n\t<meta property=\"og:image:width\" content=\"963\" \/>\n\t<meta property=\"og:image:height\" content=\"963\" \/>\n\t<meta property=\"og:image:type\" content=\"image\/jpeg\" \/>\n<meta name=\"twitter:card\" content=\"summary_large_image\" \/>\n<meta name=\"twitter:label1\" content=\"Est. reading time\" \/>\n\t<meta name=\"twitter:data1\" content=\"1 minute\" \/>\n<script type=\"application\/ld+json\" class=\"yoast-schema-graph\">{\"@context\":\"https:\\\/\\\/schema.org\",\"@graph\":[{\"@type\":\"WebPage\",\"@id\":\"https:\\\/\\\/goldenskate.fi\\\/en\\\/product\\\/edea-eco-mink-blade-guards-kopio\\\/\",\"url\":\"https:\\\/\\\/goldenskate.fi\\\/en\\\/product\\\/edea-eco-mink-blade-guards-kopio\\\/\",\"name\":\"Edea Eco Mink blade guards - Golden Skate\",\"isPartOf\":{\"@id\":\"https:\\\/\\\/goldenskate.fi\\\/en\\\/#website\"},\"primaryImageOfPage\":{\"@id\":\"https:\\\/\\\/goldenskate.fi\\\/en\\\/product\\\/edea-eco-mink-blade-guards-kopio\\\/#primaryimage\"},\"image\":{\"@id\":\"https:\\\/\\\/goldenskate.fi\\\/en\\\/product\\\/edea-eco-mink-blade-guards-kopio\\\/#primaryimage\"},\"thumbnailUrl\":\"https:\\\/\\\/goldenskate.fi\\\/wp-content\\\/uploads\\\/2021\\\/05\\\/coprilama-mink.jpg\",\"datePublished\":\"2026-05-11T10:58:32+00:00\",\"dateModified\":\"2026-05-11T12:40:10+00:00\",\"description\":\"Edea Eco-Mink blade covers protect figure skate blades with soft faux fur, moisture-absorbing lining, and reinforced protection against rust and wear.\",\"breadcrumb\":{\"@id\":\"https:\\\/\\\/goldenskate.fi\\\/en\\\/product\\\/edea-eco-mink-blade-guards-kopio\\\/#breadcrumb\"},\"inLanguage\":\"en-US\",\"potentialAction\":[{\"@type\":\"ReadAction\",\"target\":[\"https:\\\/\\\/goldenskate.fi\\\/en\\\/product\\\/edea-eco-mink-blade-guards-kopio\\\/\"]}]},{\"@type\":\"ImageObject\",\"inLanguage\":\"en-US\",\"@id\":\"https:\\\/\\\/goldenskate.fi\\\/en\\\/product\\\/edea-eco-mink-blade-guards-kopio\\\/#primaryimage\",\"url\":\"https:\\\/\\\/goldenskate.fi\\\/wp-content\\\/uploads\\\/2021\\\/05\\\/coprilama-mink.jpg\",\"contentUrl\":\"https:\\\/\\\/goldenskate.fi\\\/wp-content\\\/uploads\\\/2021\\\/05\\\/coprilama-mink.jpg\",\"width\":963,\"height\":963,\"caption\":\"Edea P\u00f6rr\u00f6ter\u00e4suojat\"},{\"@type\":\"BreadcrumbList\",\"@id\":\"https:\\\/\\\/goldenskate.fi\\\/en\\\/product\\\/edea-eco-mink-blade-guards-kopio\\\/#breadcrumb\",\"itemListElement\":[{\"@type\":\"ListItem\",\"position\":1,\"name\":\"Etusivu\",\"item\":\"https:\\\/\\\/goldenskate.fi\\\/en\\\/\"},{\"@type\":\"ListItem\",\"position\":2,\"name\":\"Online Shop\",\"item\":\"https:\\\/\\\/goldenskate.fi\\\/en\\\/shop\\\/\"},{\"@type\":\"ListItem\",\"position\":3,\"name\":\"Edea Eco Mink blade guards\"}]},{\"@type\":\"WebSite\",\"@id\":\"https:\\\/\\\/goldenskate.fi\\\/en\\\/#website\",\"url\":\"https:\\\/\\\/goldenskate.fi\\\/en\\\/\",\"name\":\"Golden Skate\",\"description\":\"Taitoluistin myym\u00e4l\u00e4 ja verkkokauppa Tampereella\",\"publisher\":{\"@id\":\"https:\\\/\\\/goldenskate.fi\\\/en\\\/#organization\"},\"potentialAction\":[{\"@type\":\"SearchAction\",\"target\":{\"@type\":\"EntryPoint\",\"urlTemplate\":\"https:\\\/\\\/goldenskate.fi\\\/en\\\/?s={search_term_string}\"},\"query-input\":{\"@type\":\"PropertyValueSpecification\",\"valueRequired\":true,\"valueName\":\"search_term_string\"}}],\"inLanguage\":\"en-US\"},{\"@type\":\"Organization\",\"@id\":\"https:\\\/\\\/goldenskate.fi\\\/en\\\/#organization\",\"name\":\"Golden Skate Oy\",\"url\":\"https:\\\/\\\/goldenskate.fi\\\/en\\\/\",\"logo\":{\"@type\":\"ImageObject\",\"inLanguage\":\"en-US\",\"@id\":\"https:\\\/\\\/goldenskate.fi\\\/en\\\/#\\\/schema\\\/logo\\\/image\\\/\",\"url\":\"https:\\\/\\\/goldenskate.fi\\\/wp-content\\\/uploads\\\/2020\\\/10\\\/cropped-GoldenSkateLogo.png\",\"contentUrl\":\"https:\\\/\\\/goldenskate.fi\\\/wp-content\\\/uploads\\\/2020\\\/10\\\/cropped-GoldenSkateLogo.png\",\"width\":512,\"height\":512,\"caption\":\"Golden Skate Oy\"},\"image\":{\"@id\":\"https:\\\/\\\/goldenskate.fi\\\/en\\\/#\\\/schema\\\/logo\\\/image\\\/\"}}]}<\/script>\n<!-- \/ Yoast SEO plugin. -->","yoast_head_json":{"title":"Edea Eco Mink blade guards - Golden Skate","description":"Edea Eco-Mink blade covers protect figure skate blades with soft faux fur, moisture-absorbing lining, and reinforced protection against rust and wear.","robots":{"index":"index","follow":"follow","max-snippet":"max-snippet:-1","max-image-preview":"max-image-preview:large","max-video-preview":"max-video-preview:-1"},"canonical":"https:\/\/goldenskate.fi\/en\/product\/edea-eco-mink-blade-guards-kopio\/","og_locale":"en_US","og_type":"article","og_title":"Edea Eco Mink blade guards - Golden Skate","og_description":"Edea Eco-Mink blade covers protect figure skate blades with soft faux fur, moisture-absorbing lining, and reinforced protection against rust and wear.","og_url":"https:\/\/goldenskate.fi\/en\/product\/edea-eco-mink-blade-guards-kopio\/","og_site_name":"Golden Skate","article_modified_time":"2026-05-11T12:40:10+00:00","og_image":[{"width":963,"height":963,"url":"https:\/\/goldenskate.fi\/wp-content\/uploads\/2021\/05\/coprilama-mink.jpg","type":"image\/jpeg"}],"twitter_card":"summary_large_image","twitter_misc":{"Est. reading time":"1 minute"},"schema":{"@context":"https:\/\/schema.org","@graph":[{"@type":"WebPage","@id":"https:\/\/goldenskate.fi\/en\/product\/edea-eco-mink-blade-guards-kopio\/","url":"https:\/\/goldenskate.fi\/en\/product\/edea-eco-mink-blade-guards-kopio\/","name":"Edea Eco Mink blade guards - Golden Skate","isPartOf":{"@id":"https:\/\/goldenskate.fi\/en\/#website"},"primaryImageOfPage":{"@id":"https:\/\/goldenskate.fi\/en\/product\/edea-eco-mink-blade-guards-kopio\/#primaryimage"},"image":{"@id":"https:\/\/goldenskate.fi\/en\/product\/edea-eco-mink-blade-guards-kopio\/#primaryimage"},"thumbnailUrl":"https:\/\/goldenskate.fi\/wp-content\/uploads\/2021\/05\/coprilama-mink.jpg","datePublished":"2026-05-11T10:58:32+00:00","dateModified":"2026-05-11T12:40:10+00:00","description":"Edea Eco-Mink blade covers protect figure skate blades with soft faux fur, moisture-absorbing lining, and reinforced protection against rust and wear.","breadcrumb":{"@id":"https:\/\/goldenskate.fi\/en\/product\/edea-eco-mink-blade-guards-kopio\/#breadcrumb"},"inLanguage":"en-US","potentialAction":[{"@type":"ReadAction","target":["https:\/\/goldenskate.fi\/en\/product\/edea-eco-mink-blade-guards-kopio\/"]}]},{"@type":"ImageObject","inLanguage":"en-US","@id":"https:\/\/goldenskate.fi\/en\/product\/edea-eco-mink-blade-guards-kopio\/#primaryimage","url":"https:\/\/goldenskate.fi\/wp-content\/uploads\/2021\/05\/coprilama-mink.jpg","contentUrl":"https:\/\/goldenskate.fi\/wp-content\/uploads\/2021\/05\/coprilama-mink.jpg","width":963,"height":963,"caption":"Edea P\u00f6rr\u00f6ter\u00e4suojat"},{"@type":"BreadcrumbList","@id":"https:\/\/goldenskate.fi\/en\/product\/edea-eco-mink-blade-guards-kopio\/#breadcrumb","itemListElement":[{"@type":"ListItem","position":1,"name":"Etusivu","item":"https:\/\/goldenskate.fi\/en\/"},{"@type":"ListItem","position":2,"name":"Online Shop","item":"https:\/\/goldenskate.fi\/en\/shop\/"},{"@type":"ListItem","position":3,"name":"Edea Eco Mink blade guards"}]},{"@type":"WebSite","@id":"https:\/\/goldenskate.fi\/en\/#website","url":"https:\/\/goldenskate.fi\/en\/","name":"Golden Skate","description":"Taitoluistin myym\u00e4l\u00e4 ja verkkokauppa Tampereella","publisher":{"@id":"https:\/\/goldenskate.fi\/en\/#organization"},"potentialAction":[{"@type":"SearchAction","target":{"@type":"EntryPoint","urlTemplate":"https:\/\/goldenskate.fi\/en\/?s={search_term_string}"},"query-input":{"@type":"PropertyValueSpecification","valueRequired":true,"valueName":"search_term_string"}}],"inLanguage":"en-US"},{"@type":"Organization","@id":"https:\/\/goldenskate.fi\/en\/#organization","name":"Golden Skate Oy","url":"https:\/\/goldenskate.fi\/en\/","logo":{"@type":"ImageObject","inLanguage":"en-US","@id":"https:\/\/goldenskate.fi\/en\/#\/schema\/logo\/image\/","url":"https:\/\/goldenskate.fi\/wp-content\/uploads\/2020\/10\/cropped-GoldenSkateLogo.png","contentUrl":"https:\/\/goldenskate.fi\/wp-content\/uploads\/2020\/10\/cropped-GoldenSkateLogo.png","width":512,"height":512,"caption":"Golden Skate Oy"},"image":{"@id":"https:\/\/goldenskate.fi\/en\/#\/schema\/logo\/image\/"}}]}},"_links":{"self":[{"href":"https:\/\/goldenskate.fi\/en\/wp-json\/wp\/v2\/product\/150985","targetHints":{"allow":["GET"]}}],"collection":[{"href":"https:\/\/goldenskate.fi\/en\/wp-json\/wp\/v2\/product"}],"about":[{"href":"https:\/\/goldenskate.fi\/en\/wp-json\/wp\/v2\/types\/product"}],"replies":[{"embeddable":true,"href":"https:\/\/goldenskate.fi\/en\/wp-json\/wp\/v2\/comments?post=150985"}],"version-history":[{"count":2,"href":"https:\/\/goldenskate.fi\/en\/wp-json\/wp\/v2\/product\/150985\/revisions"}],"predecessor-version":[{"id":151097,"href":"https:\/\/goldenskate.fi\/en\/wp-json\/wp\/v2\/product\/150985\/revisions\/151097"}],"wp:featuredmedia":[{"embeddable":true,"href":"https:\/\/goldenskate.fi\/en\/wp-json\/wp\/v2\/media\/39405"}],"wp:attachment":[{"href":"https:\/\/goldenskate.fi\/en\/wp-json\/wp\/v2\/media?parent=150985"}],"wp:term":[{"taxonomy":"product_brand","embeddable":true,"href":"https:\/\/goldenskate.fi\/en\/wp-json\/wp\/v2\/product_brand?post=150985"},{"taxonomy":"product_cat","embeddable":true,"href":"https:\/\/goldenskate.fi\/en\/wp-json\/wp\/v2\/product_cat?post=150985"},{"taxonomy":"product_tag","embeddable":true,"href":"https:\/\/goldenskate.fi\/en\/wp-json\/wp\/v2\/product_tag?post=150985"}],"curies":[{"name":"wp","href":"https:\/\/api.w.org\/{rel}","templated":true}]}}