{"id":24090,"date":"2020-12-04T14:07:55","date_gmt":"2020-12-04T12:07:56","guid":{"rendered":"https:\/\/goldenskate.fi\/?post_type=product&#038;p=24090"},"modified":"2025-10-10T11:35:13","modified_gmt":"2025-10-10T08:35:13","slug":"zuca-insert-bag-puerto-rico","status":"publish","type":"product","link":"https:\/\/goldenskate.fi\/en\/product\/zuca-insert-bag-puerto-rico\/","title":{"rendered":"Z\u00dcCA Insert Bag &#8211; Puerto Rico"},"content":{"rendered":"<p><strong>Z\u00dcCA Puerto Rico bag insert.<\/strong><\/p>\n<div id=\"productStaticContainer\">\n<p>Zuca insert bag is part of Zuca accessory series witch includes a frame, an insert and an attachable lunchbox. You can design your own personal combination because all three parts are to be chosen separately.<\/p>\n<p>The removable Z\u00dcCA Insert Bag is made from premium water resistant 600D Polyester and is hand washable. Insert is spacious and contains lots of pockets to store also your smaller items.<\/p>\n<\/div>\n","protected":false},"excerpt":{"rendered":"<p><strong>Z\u00dcCA Puerto Rico insert for Z\u00dcCA bag.<\/strong><\/p>\n","protected":false},"featured_media":24096,"comment_status":"closed","ping_status":"closed","template":"","meta":{"_acf_changed":false},"product_brand":[],"product_cat":[50,6556,47,3452,6553,44,3453,43,3483,3451],"product_tag":[4758,4761,4880,4868,4820,4785,4896,4899,4786,4733,4734,4766,4776,4781,4779],"class_list":{"0":"post-24090","1":"product","2":"type-product","3":"status-publish","4":"has-post-thumbnail","6":"product_cat-6accessories","7":"product_cat-accessories","8":"product_cat-9products-total","9":"product_cat-brands","10":"product_cat-gymnastics","11":"product_cat-9products-sale","12":"product_cat-bags-skate-sacks-and-garment-bags","13":"product_cat-9aletuotteet","14":"product_cat-zuca-en","15":"product_cat-zuca-laukut-en","16":"product_tag-bag","17":"product_tag-bags","18":"product_tag-figure-skating-en","19":"product_tag-figure-skating-accessories","20":"product_tag-figureskating-boot","21":"product_tag-insert","22":"product_tag-insert-en","23":"product_tag-inserts","24":"product_tag-mounting-en","25":"product_tag-removable","26":"product_tag-removable-en","27":"product_tag-skating","28":"product_tag-skating-accessories","29":"product_tag-zuca-en","30":"product_tag-zuca-bag","32":"first","33":"instock","34":"sale","35":"taxable","36":"shipping-taxable","37":"purchasable","38":"product-type-simple"},"yoast_head":"<!-- This site is optimized with the Yoast SEO plugin v27.3 - https:\/\/yoast.com\/product\/yoast-seo-wordpress\/ -->\n<title>Z\u00dcCA Insert Bag - Puerto Rico - Golden Skate<\/title>\n<meta name=\"robots\" content=\"index, follow, max-snippet:-1, max-image-preview:large, max-video-preview:-1\" \/>\n<link rel=\"canonical\" href=\"https:\/\/goldenskate.fi\/en\/product\/zuca-insert-bag-puerto-rico\/\" \/>\n<meta property=\"og:locale\" content=\"en_US\" \/>\n<meta property=\"og:type\" content=\"article\" \/>\n<meta property=\"og:title\" content=\"Z\u00dcCA Insert Bag - Puerto Rico - Golden Skate\" \/>\n<meta property=\"og:description\" content=\"Z\u00dcCA Puerto Rico insert for Z\u00dcCA bag.\" \/>\n<meta property=\"og:url\" content=\"https:\/\/goldenskate.fi\/en\/product\/zuca-insert-bag-puerto-rico\/\" \/>\n<meta property=\"og:site_name\" content=\"Golden Skate\" \/>\n<meta property=\"article:modified_time\" content=\"2025-10-10T08:35:13+00:00\" \/>\n<meta property=\"og:image\" content=\"https:\/\/goldenskate.fi\/wp-content\/uploads\/2020\/12\/Zuca-Puerto-Rico-.jpg\" \/>\n\t<meta property=\"og:image:width\" content=\"824\" \/>\n\t<meta property=\"og:image:height\" content=\"824\" \/>\n\t<meta property=\"og:image:type\" content=\"image\/jpeg\" \/>\n<meta name=\"twitter:card\" content=\"summary_large_image\" \/>\n<script type=\"application\/ld+json\" class=\"yoast-schema-graph\">{\"@context\":\"https:\\\/\\\/schema.org\",\"@graph\":[{\"@type\":\"WebPage\",\"@id\":\"https:\\\/\\\/goldenskate.fi\\\/en\\\/product\\\/zuca-insert-bag-puerto-rico\\\/\",\"url\":\"https:\\\/\\\/goldenskate.fi\\\/en\\\/product\\\/zuca-insert-bag-puerto-rico\\\/\",\"name\":\"Z\u00dcCA Insert Bag - Puerto Rico - Golden Skate\",\"isPartOf\":{\"@id\":\"https:\\\/\\\/goldenskate.fi\\\/en\\\/#website\"},\"primaryImageOfPage\":{\"@id\":\"https:\\\/\\\/goldenskate.fi\\\/en\\\/product\\\/zuca-insert-bag-puerto-rico\\\/#primaryimage\"},\"image\":{\"@id\":\"https:\\\/\\\/goldenskate.fi\\\/en\\\/product\\\/zuca-insert-bag-puerto-rico\\\/#primaryimage\"},\"thumbnailUrl\":\"https:\\\/\\\/goldenskate.fi\\\/wp-content\\\/uploads\\\/2020\\\/12\\\/Zuca-Puerto-Rico-.jpg\",\"datePublished\":\"2020-12-04T12:07:56+00:00\",\"dateModified\":\"2025-10-10T08:35:13+00:00\",\"breadcrumb\":{\"@id\":\"https:\\\/\\\/goldenskate.fi\\\/en\\\/product\\\/zuca-insert-bag-puerto-rico\\\/#breadcrumb\"},\"inLanguage\":\"en-US\",\"potentialAction\":[{\"@type\":\"ReadAction\",\"target\":[\"https:\\\/\\\/goldenskate.fi\\\/en\\\/product\\\/zuca-insert-bag-puerto-rico\\\/\"]}]},{\"@type\":\"ImageObject\",\"inLanguage\":\"en-US\",\"@id\":\"https:\\\/\\\/goldenskate.fi\\\/en\\\/product\\\/zuca-insert-bag-puerto-rico\\\/#primaryimage\",\"url\":\"https:\\\/\\\/goldenskate.fi\\\/wp-content\\\/uploads\\\/2020\\\/12\\\/Zuca-Puerto-Rico-.jpg\",\"contentUrl\":\"https:\\\/\\\/goldenskate.fi\\\/wp-content\\\/uploads\\\/2020\\\/12\\\/Zuca-Puerto-Rico-.jpg\",\"width\":824,\"height\":824,\"caption\":\"Z\u00dcCA Insert Bag - Puerto Rico\"},{\"@type\":\"BreadcrumbList\",\"@id\":\"https:\\\/\\\/goldenskate.fi\\\/en\\\/product\\\/zuca-insert-bag-puerto-rico\\\/#breadcrumb\",\"itemListElement\":[{\"@type\":\"ListItem\",\"position\":1,\"name\":\"Etusivu\",\"item\":\"https:\\\/\\\/goldenskate.fi\\\/en\\\/\"},{\"@type\":\"ListItem\",\"position\":2,\"name\":\"Online Shop\",\"item\":\"https:\\\/\\\/goldenskate.fi\\\/en\\\/shop\\\/\"},{\"@type\":\"ListItem\",\"position\":3,\"name\":\"Z\u00dcCA Insert Bag &#8211; Puerto Rico\"}]},{\"@type\":\"WebSite\",\"@id\":\"https:\\\/\\\/goldenskate.fi\\\/en\\\/#website\",\"url\":\"https:\\\/\\\/goldenskate.fi\\\/en\\\/\",\"name\":\"Golden Skate\",\"description\":\"Taitoluistin myym\u00e4l\u00e4 ja verkkokauppa Tampereella\",\"publisher\":{\"@id\":\"https:\\\/\\\/goldenskate.fi\\\/en\\\/#organization\"},\"potentialAction\":[{\"@type\":\"SearchAction\",\"target\":{\"@type\":\"EntryPoint\",\"urlTemplate\":\"https:\\\/\\\/goldenskate.fi\\\/en\\\/?s={search_term_string}\"},\"query-input\":{\"@type\":\"PropertyValueSpecification\",\"valueRequired\":true,\"valueName\":\"search_term_string\"}}],\"inLanguage\":\"en-US\"},{\"@type\":\"Organization\",\"@id\":\"https:\\\/\\\/goldenskate.fi\\\/en\\\/#organization\",\"name\":\"Golden Skate Oy\",\"url\":\"https:\\\/\\\/goldenskate.fi\\\/en\\\/\",\"logo\":{\"@type\":\"ImageObject\",\"inLanguage\":\"en-US\",\"@id\":\"https:\\\/\\\/goldenskate.fi\\\/en\\\/#\\\/schema\\\/logo\\\/image\\\/\",\"url\":\"https:\\\/\\\/goldenskate.fi\\\/wp-content\\\/uploads\\\/2020\\\/10\\\/cropped-GoldenSkateLogo.png\",\"contentUrl\":\"https:\\\/\\\/goldenskate.fi\\\/wp-content\\\/uploads\\\/2020\\\/10\\\/cropped-GoldenSkateLogo.png\",\"width\":512,\"height\":512,\"caption\":\"Golden Skate Oy\"},\"image\":{\"@id\":\"https:\\\/\\\/goldenskate.fi\\\/en\\\/#\\\/schema\\\/logo\\\/image\\\/\"}}]}<\/script>\n<!-- \/ Yoast SEO plugin. -->","yoast_head_json":{"title":"Z\u00dcCA Insert Bag - Puerto Rico - Golden Skate","robots":{"index":"index","follow":"follow","max-snippet":"max-snippet:-1","max-image-preview":"max-image-preview:large","max-video-preview":"max-video-preview:-1"},"canonical":"https:\/\/goldenskate.fi\/en\/product\/zuca-insert-bag-puerto-rico\/","og_locale":"en_US","og_type":"article","og_title":"Z\u00dcCA Insert Bag - Puerto Rico - Golden Skate","og_description":"Z\u00dcCA Puerto Rico insert for Z\u00dcCA bag.","og_url":"https:\/\/goldenskate.fi\/en\/product\/zuca-insert-bag-puerto-rico\/","og_site_name":"Golden Skate","article_modified_time":"2025-10-10T08:35:13+00:00","og_image":[{"width":824,"height":824,"url":"https:\/\/goldenskate.fi\/wp-content\/uploads\/2020\/12\/Zuca-Puerto-Rico-.jpg","type":"image\/jpeg"}],"twitter_card":"summary_large_image","schema":{"@context":"https:\/\/schema.org","@graph":[{"@type":"WebPage","@id":"https:\/\/goldenskate.fi\/en\/product\/zuca-insert-bag-puerto-rico\/","url":"https:\/\/goldenskate.fi\/en\/product\/zuca-insert-bag-puerto-rico\/","name":"Z\u00dcCA Insert Bag - Puerto Rico - Golden Skate","isPartOf":{"@id":"https:\/\/goldenskate.fi\/en\/#website"},"primaryImageOfPage":{"@id":"https:\/\/goldenskate.fi\/en\/product\/zuca-insert-bag-puerto-rico\/#primaryimage"},"image":{"@id":"https:\/\/goldenskate.fi\/en\/product\/zuca-insert-bag-puerto-rico\/#primaryimage"},"thumbnailUrl":"https:\/\/goldenskate.fi\/wp-content\/uploads\/2020\/12\/Zuca-Puerto-Rico-.jpg","datePublished":"2020-12-04T12:07:56+00:00","dateModified":"2025-10-10T08:35:13+00:00","breadcrumb":{"@id":"https:\/\/goldenskate.fi\/en\/product\/zuca-insert-bag-puerto-rico\/#breadcrumb"},"inLanguage":"en-US","potentialAction":[{"@type":"ReadAction","target":["https:\/\/goldenskate.fi\/en\/product\/zuca-insert-bag-puerto-rico\/"]}]},{"@type":"ImageObject","inLanguage":"en-US","@id":"https:\/\/goldenskate.fi\/en\/product\/zuca-insert-bag-puerto-rico\/#primaryimage","url":"https:\/\/goldenskate.fi\/wp-content\/uploads\/2020\/12\/Zuca-Puerto-Rico-.jpg","contentUrl":"https:\/\/goldenskate.fi\/wp-content\/uploads\/2020\/12\/Zuca-Puerto-Rico-.jpg","width":824,"height":824,"caption":"Z\u00dcCA Insert Bag - Puerto Rico"},{"@type":"BreadcrumbList","@id":"https:\/\/goldenskate.fi\/en\/product\/zuca-insert-bag-puerto-rico\/#breadcrumb","itemListElement":[{"@type":"ListItem","position":1,"name":"Etusivu","item":"https:\/\/goldenskate.fi\/en\/"},{"@type":"ListItem","position":2,"name":"Online Shop","item":"https:\/\/goldenskate.fi\/en\/shop\/"},{"@type":"ListItem","position":3,"name":"Z\u00dcCA Insert Bag &#8211; Puerto Rico"}]},{"@type":"WebSite","@id":"https:\/\/goldenskate.fi\/en\/#website","url":"https:\/\/goldenskate.fi\/en\/","name":"Golden Skate","description":"Taitoluistin myym\u00e4l\u00e4 ja verkkokauppa Tampereella","publisher":{"@id":"https:\/\/goldenskate.fi\/en\/#organization"},"potentialAction":[{"@type":"SearchAction","target":{"@type":"EntryPoint","urlTemplate":"https:\/\/goldenskate.fi\/en\/?s={search_term_string}"},"query-input":{"@type":"PropertyValueSpecification","valueRequired":true,"valueName":"search_term_string"}}],"inLanguage":"en-US"},{"@type":"Organization","@id":"https:\/\/goldenskate.fi\/en\/#organization","name":"Golden Skate Oy","url":"https:\/\/goldenskate.fi\/en\/","logo":{"@type":"ImageObject","inLanguage":"en-US","@id":"https:\/\/goldenskate.fi\/en\/#\/schema\/logo\/image\/","url":"https:\/\/goldenskate.fi\/wp-content\/uploads\/2020\/10\/cropped-GoldenSkateLogo.png","contentUrl":"https:\/\/goldenskate.fi\/wp-content\/uploads\/2020\/10\/cropped-GoldenSkateLogo.png","width":512,"height":512,"caption":"Golden Skate Oy"},"image":{"@id":"https:\/\/goldenskate.fi\/en\/#\/schema\/logo\/image\/"}}]}},"acf":[],"_links":{"self":[{"href":"https:\/\/goldenskate.fi\/en\/wp-json\/wp\/v2\/product\/24090","targetHints":{"allow":["GET"]}}],"collection":[{"href":"https:\/\/goldenskate.fi\/en\/wp-json\/wp\/v2\/product"}],"about":[{"href":"https:\/\/goldenskate.fi\/en\/wp-json\/wp\/v2\/types\/product"}],"replies":[{"embeddable":true,"href":"https:\/\/goldenskate.fi\/en\/wp-json\/wp\/v2\/comments?post=24090"}],"version-history":[{"count":3,"href":"https:\/\/goldenskate.fi\/en\/wp-json\/wp\/v2\/product\/24090\/revisions"}],"predecessor-version":[{"id":47576,"href":"https:\/\/goldenskate.fi\/en\/wp-json\/wp\/v2\/product\/24090\/revisions\/47576"}],"wp:featuredmedia":[{"embeddable":true,"href":"https:\/\/goldenskate.fi\/en\/wp-json\/wp\/v2\/media\/24096"}],"wp:attachment":[{"href":"https:\/\/goldenskate.fi\/en\/wp-json\/wp\/v2\/media?parent=24090"}],"wp:term":[{"taxonomy":"product_brand","embeddable":true,"href":"https:\/\/goldenskate.fi\/en\/wp-json\/wp\/v2\/product_brand?post=24090"},{"taxonomy":"product_cat","embeddable":true,"href":"https:\/\/goldenskate.fi\/en\/wp-json\/wp\/v2\/product_cat?post=24090"},{"taxonomy":"product_tag","embeddable":true,"href":"https:\/\/goldenskate.fi\/en\/wp-json\/wp\/v2\/product_tag?post=24090"}],"curies":[{"name":"wp","href":"https:\/\/api.w.org\/{rel}","templated":true}]}}