{"id":35535,"date":"2021-12-16T14:37:52","date_gmt":"2021-12-16T12:37:52","guid":{"rendered":"https:\/\/goldenskate.fi\/?post_type=product&#038;p=35535"},"modified":"2026-02-03T13:20:50","modified_gmt":"2026-02-03T11:20:50","slug":"fleece-thermal-boot-warmers","status":"publish","type":"product","link":"https:\/\/goldenskate.fi\/en\/product\/fleece-thermal-boot-warmers\/","title":{"rendered":"Fleece Thermal Boot Warmers"},"content":{"rendered":"<p>Sizes L and M are dark blue.<\/p>\n<p>Sizes XS and S are black.<\/p>\n<p>Skate thermal covers. The thermal covers of the skate are made of water-resistant fleece material. The thermal cover keeps your toes warm in the ice rink and on the outside ice.<\/p>\n<p>Sizes for figure skates<\/p>\n<p>XS: 24-29<\/p>\n<p>S: 30-35<\/p>\n<p>M: 36-39<\/p>\n<p>L: 40-43<\/p>\n","protected":false},"excerpt":{"rendered":"<p>Fleece Thermal Boot Warmers<\/p>\n","protected":false},"featured_media":51890,"comment_status":"closed","ping_status":"closed","template":"","meta":{"_acf_changed":false},"product_brand":[],"product_cat":[50,47,45,3454,4407],"product_tag":[4696,4704,4697,4828,4829,4715,4880,4868,4837,4839,4807,4811,4812,4787,4766,4776],"class_list":{"0":"post-35535","1":"product","2":"type-product","3":"status-publish","4":"has-post-thumbnail","6":"product_cat-6accessories","7":"product_cat-9products-total","8":"product_cat-7beginners","9":"product_cat-boot-covers-and-warmers","10":"product_cat-clothes-for-skatingschool-7beginners","11":"product_tag-beginner","12":"product_tag-beginner-accessories","13":"product_tag-beginner-skates","14":"product_tag-cover-for-figureskates","15":"product_tag-covers-for-figureskates","16":"product_tag-edea-en-2","17":"product_tag-figure-skating-en","18":"product_tag-figure-skating-accessories","19":"product_tag-heater","20":"product_tag-heaters","21":"product_tag-heaters-for-figure-skates","22":"product_tag-skate-cover","23":"product_tag-skate-covers","24":"product_tag-skate-heater","25":"product_tag-skating","26":"product_tag-skating-accessories","28":"first","29":"instock","30":"taxable","31":"shipping-taxable","32":"purchasable","33":"product-type-variable"},"yoast_head":"<!-- This site is optimized with the Yoast SEO plugin v27.3 - https:\/\/yoast.com\/product\/yoast-seo-wordpress\/ -->\n<title>Fleece Thermal Boot Warmers - Golden Skate<\/title>\n<meta name=\"robots\" content=\"index, follow, max-snippet:-1, max-image-preview:large, max-video-preview:-1\" \/>\n<link rel=\"canonical\" href=\"https:\/\/goldenskate.fi\/en\/product\/fleece-thermal-boot-warmers\/\" \/>\n<meta property=\"og:locale\" content=\"en_US\" \/>\n<meta property=\"og:type\" content=\"article\" \/>\n<meta property=\"og:title\" content=\"Fleece Thermal Boot Warmers - Golden Skate\" \/>\n<meta property=\"og:description\" content=\"Fleece Thermal Boot Warmers\" \/>\n<meta property=\"og:url\" content=\"https:\/\/goldenskate.fi\/en\/product\/fleece-thermal-boot-warmers\/\" \/>\n<meta property=\"og:site_name\" content=\"Golden Skate\" \/>\n<meta property=\"article:modified_time\" content=\"2026-02-03T11:20:50+00:00\" \/>\n<meta property=\"og:image\" content=\"https:\/\/goldenskate.fi\/wp-content\/uploads\/2021\/12\/6-lammittimet-PhotoRoom.png-PhotoRoom.png\" \/>\n\t<meta property=\"og:image:width\" content=\"960\" \/>\n\t<meta property=\"og:image:height\" content=\"956\" \/>\n\t<meta property=\"og:image:type\" content=\"image\/png\" \/>\n<meta name=\"twitter:card\" content=\"summary_large_image\" \/>\n<script type=\"application\/ld+json\" class=\"yoast-schema-graph\">{\"@context\":\"https:\\\/\\\/schema.org\",\"@graph\":[{\"@type\":\"WebPage\",\"@id\":\"https:\\\/\\\/goldenskate.fi\\\/en\\\/product\\\/fleece-thermal-boot-warmers\\\/\",\"url\":\"https:\\\/\\\/goldenskate.fi\\\/en\\\/product\\\/fleece-thermal-boot-warmers\\\/\",\"name\":\"Fleece Thermal Boot Warmers - Golden Skate\",\"isPartOf\":{\"@id\":\"https:\\\/\\\/goldenskate.fi\\\/en\\\/#website\"},\"primaryImageOfPage\":{\"@id\":\"https:\\\/\\\/goldenskate.fi\\\/en\\\/product\\\/fleece-thermal-boot-warmers\\\/#primaryimage\"},\"image\":{\"@id\":\"https:\\\/\\\/goldenskate.fi\\\/en\\\/product\\\/fleece-thermal-boot-warmers\\\/#primaryimage\"},\"thumbnailUrl\":\"https:\\\/\\\/goldenskate.fi\\\/wp-content\\\/uploads\\\/2021\\\/12\\\/6-lammittimet-PhotoRoom.png-PhotoRoom.png\",\"datePublished\":\"2021-12-16T12:37:52+00:00\",\"dateModified\":\"2026-02-03T11:20:50+00:00\",\"breadcrumb\":{\"@id\":\"https:\\\/\\\/goldenskate.fi\\\/en\\\/product\\\/fleece-thermal-boot-warmers\\\/#breadcrumb\"},\"inLanguage\":\"en-US\",\"potentialAction\":[{\"@type\":\"ReadAction\",\"target\":[\"https:\\\/\\\/goldenskate.fi\\\/en\\\/product\\\/fleece-thermal-boot-warmers\\\/\"]}]},{\"@type\":\"ImageObject\",\"inLanguage\":\"en-US\",\"@id\":\"https:\\\/\\\/goldenskate.fi\\\/en\\\/product\\\/fleece-thermal-boot-warmers\\\/#primaryimage\",\"url\":\"https:\\\/\\\/goldenskate.fi\\\/wp-content\\\/uploads\\\/2021\\\/12\\\/6-lammittimet-PhotoRoom.png-PhotoRoom.png\",\"contentUrl\":\"https:\\\/\\\/goldenskate.fi\\\/wp-content\\\/uploads\\\/2021\\\/12\\\/6-lammittimet-PhotoRoom.png-PhotoRoom.png\",\"width\":960,\"height\":956,\"caption\":\"Luistimen l\u00e4mp\u00f6p\u00e4\u00e4llinen\"},{\"@type\":\"BreadcrumbList\",\"@id\":\"https:\\\/\\\/goldenskate.fi\\\/en\\\/product\\\/fleece-thermal-boot-warmers\\\/#breadcrumb\",\"itemListElement\":[{\"@type\":\"ListItem\",\"position\":1,\"name\":\"Etusivu\",\"item\":\"https:\\\/\\\/goldenskate.fi\\\/en\\\/\"},{\"@type\":\"ListItem\",\"position\":2,\"name\":\"Online Shop\",\"item\":\"https:\\\/\\\/goldenskate.fi\\\/en\\\/shop\\\/\"},{\"@type\":\"ListItem\",\"position\":3,\"name\":\"Fleece Thermal Boot Warmers\"}]},{\"@type\":\"WebSite\",\"@id\":\"https:\\\/\\\/goldenskate.fi\\\/en\\\/#website\",\"url\":\"https:\\\/\\\/goldenskate.fi\\\/en\\\/\",\"name\":\"Golden Skate\",\"description\":\"Taitoluistin myym\u00e4l\u00e4 ja verkkokauppa Tampereella\",\"publisher\":{\"@id\":\"https:\\\/\\\/goldenskate.fi\\\/en\\\/#organization\"},\"potentialAction\":[{\"@type\":\"SearchAction\",\"target\":{\"@type\":\"EntryPoint\",\"urlTemplate\":\"https:\\\/\\\/goldenskate.fi\\\/en\\\/?s={search_term_string}\"},\"query-input\":{\"@type\":\"PropertyValueSpecification\",\"valueRequired\":true,\"valueName\":\"search_term_string\"}}],\"inLanguage\":\"en-US\"},{\"@type\":\"Organization\",\"@id\":\"https:\\\/\\\/goldenskate.fi\\\/en\\\/#organization\",\"name\":\"Golden Skate Oy\",\"url\":\"https:\\\/\\\/goldenskate.fi\\\/en\\\/\",\"logo\":{\"@type\":\"ImageObject\",\"inLanguage\":\"en-US\",\"@id\":\"https:\\\/\\\/goldenskate.fi\\\/en\\\/#\\\/schema\\\/logo\\\/image\\\/\",\"url\":\"https:\\\/\\\/goldenskate.fi\\\/wp-content\\\/uploads\\\/2020\\\/10\\\/cropped-GoldenSkateLogo.png\",\"contentUrl\":\"https:\\\/\\\/goldenskate.fi\\\/wp-content\\\/uploads\\\/2020\\\/10\\\/cropped-GoldenSkateLogo.png\",\"width\":512,\"height\":512,\"caption\":\"Golden Skate Oy\"},\"image\":{\"@id\":\"https:\\\/\\\/goldenskate.fi\\\/en\\\/#\\\/schema\\\/logo\\\/image\\\/\"}}]}<\/script>\n<!-- \/ Yoast SEO plugin. -->","yoast_head_json":{"title":"Fleece Thermal Boot Warmers - Golden Skate","robots":{"index":"index","follow":"follow","max-snippet":"max-snippet:-1","max-image-preview":"max-image-preview:large","max-video-preview":"max-video-preview:-1"},"canonical":"https:\/\/goldenskate.fi\/en\/product\/fleece-thermal-boot-warmers\/","og_locale":"en_US","og_type":"article","og_title":"Fleece Thermal Boot Warmers - Golden Skate","og_description":"Fleece Thermal Boot Warmers","og_url":"https:\/\/goldenskate.fi\/en\/product\/fleece-thermal-boot-warmers\/","og_site_name":"Golden Skate","article_modified_time":"2026-02-03T11:20:50+00:00","og_image":[{"width":960,"height":956,"url":"https:\/\/goldenskate.fi\/wp-content\/uploads\/2021\/12\/6-lammittimet-PhotoRoom.png-PhotoRoom.png","type":"image\/png"}],"twitter_card":"summary_large_image","schema":{"@context":"https:\/\/schema.org","@graph":[{"@type":"WebPage","@id":"https:\/\/goldenskate.fi\/en\/product\/fleece-thermal-boot-warmers\/","url":"https:\/\/goldenskate.fi\/en\/product\/fleece-thermal-boot-warmers\/","name":"Fleece Thermal Boot Warmers - Golden Skate","isPartOf":{"@id":"https:\/\/goldenskate.fi\/en\/#website"},"primaryImageOfPage":{"@id":"https:\/\/goldenskate.fi\/en\/product\/fleece-thermal-boot-warmers\/#primaryimage"},"image":{"@id":"https:\/\/goldenskate.fi\/en\/product\/fleece-thermal-boot-warmers\/#primaryimage"},"thumbnailUrl":"https:\/\/goldenskate.fi\/wp-content\/uploads\/2021\/12\/6-lammittimet-PhotoRoom.png-PhotoRoom.png","datePublished":"2021-12-16T12:37:52+00:00","dateModified":"2026-02-03T11:20:50+00:00","breadcrumb":{"@id":"https:\/\/goldenskate.fi\/en\/product\/fleece-thermal-boot-warmers\/#breadcrumb"},"inLanguage":"en-US","potentialAction":[{"@type":"ReadAction","target":["https:\/\/goldenskate.fi\/en\/product\/fleece-thermal-boot-warmers\/"]}]},{"@type":"ImageObject","inLanguage":"en-US","@id":"https:\/\/goldenskate.fi\/en\/product\/fleece-thermal-boot-warmers\/#primaryimage","url":"https:\/\/goldenskate.fi\/wp-content\/uploads\/2021\/12\/6-lammittimet-PhotoRoom.png-PhotoRoom.png","contentUrl":"https:\/\/goldenskate.fi\/wp-content\/uploads\/2021\/12\/6-lammittimet-PhotoRoom.png-PhotoRoom.png","width":960,"height":956,"caption":"Luistimen l\u00e4mp\u00f6p\u00e4\u00e4llinen"},{"@type":"BreadcrumbList","@id":"https:\/\/goldenskate.fi\/en\/product\/fleece-thermal-boot-warmers\/#breadcrumb","itemListElement":[{"@type":"ListItem","position":1,"name":"Etusivu","item":"https:\/\/goldenskate.fi\/en\/"},{"@type":"ListItem","position":2,"name":"Online Shop","item":"https:\/\/goldenskate.fi\/en\/shop\/"},{"@type":"ListItem","position":3,"name":"Fleece Thermal Boot Warmers"}]},{"@type":"WebSite","@id":"https:\/\/goldenskate.fi\/en\/#website","url":"https:\/\/goldenskate.fi\/en\/","name":"Golden Skate","description":"Taitoluistin myym\u00e4l\u00e4 ja verkkokauppa Tampereella","publisher":{"@id":"https:\/\/goldenskate.fi\/en\/#organization"},"potentialAction":[{"@type":"SearchAction","target":{"@type":"EntryPoint","urlTemplate":"https:\/\/goldenskate.fi\/en\/?s={search_term_string}"},"query-input":{"@type":"PropertyValueSpecification","valueRequired":true,"valueName":"search_term_string"}}],"inLanguage":"en-US"},{"@type":"Organization","@id":"https:\/\/goldenskate.fi\/en\/#organization","name":"Golden Skate Oy","url":"https:\/\/goldenskate.fi\/en\/","logo":{"@type":"ImageObject","inLanguage":"en-US","@id":"https:\/\/goldenskate.fi\/en\/#\/schema\/logo\/image\/","url":"https:\/\/goldenskate.fi\/wp-content\/uploads\/2020\/10\/cropped-GoldenSkateLogo.png","contentUrl":"https:\/\/goldenskate.fi\/wp-content\/uploads\/2020\/10\/cropped-GoldenSkateLogo.png","width":512,"height":512,"caption":"Golden Skate Oy"},"image":{"@id":"https:\/\/goldenskate.fi\/en\/#\/schema\/logo\/image\/"}}]}},"acf":[],"_links":{"self":[{"href":"https:\/\/goldenskate.fi\/en\/wp-json\/wp\/v2\/product\/35535","targetHints":{"allow":["GET"]}}],"collection":[{"href":"https:\/\/goldenskate.fi\/en\/wp-json\/wp\/v2\/product"}],"about":[{"href":"https:\/\/goldenskate.fi\/en\/wp-json\/wp\/v2\/types\/product"}],"replies":[{"embeddable":true,"href":"https:\/\/goldenskate.fi\/en\/wp-json\/wp\/v2\/comments?post=35535"}],"version-history":[{"count":4,"href":"https:\/\/goldenskate.fi\/en\/wp-json\/wp\/v2\/product\/35535\/revisions"}],"predecessor-version":[{"id":121456,"href":"https:\/\/goldenskate.fi\/en\/wp-json\/wp\/v2\/product\/35535\/revisions\/121456"}],"wp:featuredmedia":[{"embeddable":true,"href":"https:\/\/goldenskate.fi\/en\/wp-json\/wp\/v2\/media\/51890"}],"wp:attachment":[{"href":"https:\/\/goldenskate.fi\/en\/wp-json\/wp\/v2\/media?parent=35535"}],"wp:term":[{"taxonomy":"product_brand","embeddable":true,"href":"https:\/\/goldenskate.fi\/en\/wp-json\/wp\/v2\/product_brand?post=35535"},{"taxonomy":"product_cat","embeddable":true,"href":"https:\/\/goldenskate.fi\/en\/wp-json\/wp\/v2\/product_cat?post=35535"},{"taxonomy":"product_tag","embeddable":true,"href":"https:\/\/goldenskate.fi\/en\/wp-json\/wp\/v2\/product_tag?post=35535"}],"curies":[{"name":"wp","href":"https:\/\/api.w.org\/{rel}","templated":true}]}}