{"id":36676,"date":"2025-12-01T11:14:46","date_gmt":"2025-12-01T09:14:46","guid":{"rendered":"https:\/\/goldenskate.fi\/tuote\/spinner-piruet-board\/"},"modified":"2026-03-23T00:11:28","modified_gmt":"2026-03-22T22:11:28","slug":"spinner-piruet-board","status":"publish","type":"product","link":"https:\/\/goldenskate.fi\/en\/product\/spinner-piruet-board\/","title":{"rendered":"Art Spinner, Pirouette board"},"content":{"rendered":"<pre class=\"tw-data-text tw-text-large tw-ta\" dir=\"ltr\" data-placeholder=\"K\u00e4\u00e4nn\u00f6s\" data-ved=\"2ahUKEwibqvjPqsGNAxWqHBAIHSRSAJ4Q3ewLegQICRAV\" aria-label=\"K\u00e4\u00e4nnetty teksti: Dancer, gymnast, ballet dancer, figure skater! Achieve your dreams more easily! Spin faster on land, ice and in the air - you will achieve amazing results in body support and coordination of movements! As a goal-oriented athlete, you know that your equipment plays an essential role in your training and performance. You invest so much time, energy and resources to be the best, so it is important that you have the best equipment to help you on this journey. The Art Spinner product meets this need. The Art spinner spins in place on the ground thanks to the bearing without leaving marks on the spinning surface! The Art Spinner is made entirely of metal, making it a very durable and very fast spinning board. The Art Spinner is compact - you can take the spinner wherever you want! The bearings in the board are designed to be durable and spin fast! The metal frame holds its position perfectly and every spin with the Art Spinner is of the same quality. Art Spinner \u2013 develop pirouette and jumping techniques! The Art Spinner is a compact training aid for ballet dancers, dancers, gymnasts, figure skaters and anyone who wants to strengthen their coordination as well as their core muscles and improve their balance with each use. The board spins in both directions!\"><span class=\"Y2IQFc\" lang=\"en\">Dancer, gymnast, ballet dancer, figure skater!\r\n\r\nAchieve your dreams more easily!\r\n\r\nSpin faster on land, ice and in the air - you will achieve amazing results in body support and coordination of movements!\r\n\r\nAs a goal-oriented athlete, you know that your equipment plays an essential role in your training and performance. You invest so much time, energy and resources to be the best, so it is important that you have the best equipment to help you on this journey. The Art Spinner product meets this need.\r\n\r\nThe Art spinner spins in place on the ground thanks to the bearing without leaving marks on the spinning surface!\r\n\r\nThe Art Spinner is made entirely of metal, making it a very durable and very fast spinning board. The Art Spinner is compact - you can take the spinner wherever you want! The bearings in the board are designed to be durable and spin fast! The metal frame holds its position perfectly and every spin with the Art Spinner is of the same quality.\r\n\r\nArt Spinner \u2013 develop pirouette and jumping techniques!\r\n\r\nThe Art Spinner is a compact training aid for ballet dancers, dancers, gymnasts, figure skaters and anyone who wants to strengthen their coordination as well as their core muscles and improve their balance with each use. The board spins in both directions!\r\n\r\n<\/span><\/pre>\n<pre id=\"tw-target-text\" class=\"tw-data-text tw-text-large tw-ta\" dir=\"ltr\" data-placeholder=\"K\u00e4\u00e4nn\u00f6s\" data-ved=\"2ahUKEwibqvjPqsGNAxWqHBAIHSRSAJ4Q3ewLegQICRAV\" aria-label=\"K\u00e4\u00e4nnetty teksti: Improve your spin and jump techniques\r\n\r\nArt Spinner helps you feel the movement of your body, the feeling of the rotation point of your foot during a spin or the feeling of your toes coming off during a jump. Spinner training helps strengthen your core muscles, thereby improving your posture and balance, and increases agility during spins and jumps. The two-way rotation of the board allows you to practice movements in both clockwise and counterclockwise directions.\r\n\r\nCompact and portable\r\n\r\nArt Spinner is just the right size for practicing stance, balance, jumping and spins. The spinner is small enough to take with you or in your practice bag, so you can practice on the board anywhere!\r\n\r\nDurable and sturdy\r\n\r\nArt Spinner is made of durable metal. It is a perfect choice for both adults and children, regardless of your skill level. The top of the Art Spinner rotates equally well and smoothly in both directions. The bottom of the spinner is covered with non-slip rubber, which allows you to get a grip on the training surface on all hard and flat surfaces. The board stays in place and protects the floor from scratching during training thanks to the rubber on the bottom.\r\n\r\nColor: pink.\"><span class=\"Y2IQFc\" lang=\"en\">Improve your spin and jump techniques\r\n\r\nArt Spinner helps you feel the movement of your body, the feeling of the rotation point of your foot during a spin or the feeling of your toes coming off during a jump. Spinner training helps strengthen your core muscles, thereby improving your posture and balance, and increases agility during spins and jumps. The two-way rotation of the board allows you to practice movements in both clockwise and counterclockwise directions.\r\n\r\nCompact and portable\r\n\r\nArt Spinner is just the right size for practicing stance, balance, jumping and spins. The spinner is small enough to take with you or in your practice bag, so you can practice on the board anywhere!\r\n\r\nDurable and sturdy\r\n\r\nArt Spinner is made of durable metal. It is a perfect choice for both adults and children, regardless of your skill level. The top of the Art Spinner rotates equally well and smoothly in both directions. The bottom of the spinner is covered with non-slip rubber, which allows you to get a grip on the training surface on all hard and flat surfaces. The board stays in place and protects the floor from scratching during training thanks to the rubber on the bottom.\r\n\r\nColor: pink.<\/span><\/pre>\n<p>\u00a9 Golden Skate Oy<\/p>\n","protected":false},"excerpt":{"rendered":"<p><strong>Dancer, gymnast, ballet dancer, figure skater!<\/strong><\/p>\n<p><strong>Achieve your dreams more easily!<\/strong><\/p>\n<p><strong>Spin faster on the gound, ice and in the air &#8211; you will achieve amazing results in body support and coordination of movements!<\/strong><\/p>\n<p>&nbsp;<\/p>\n<p>As a goal-oriented athlete, you know that your equipment plays an essential role in your training and performance. You invest so much time, energy and resources to be the best, so it is important that you have the best equipment to help you on this journey. Our products from Golden Skate company meet this need.<\/p>\n<p><strong>Art Fast Spinner, which is made entirely of metal, making it a very durable and very well spinning board. The Art Spinner is designed with a unique compact shape and design &#8211; you can take the spinner wherever you want. The bearings in the board are special. They are designed to last and spin fast! The metal frame holds its position perfectly and every spin with the Art Spinner is always the same in quality.<\/strong><\/p>\n<p><strong>Art Spinner <\/strong><\/p>\n<p><strong>Improve your pirouette and jumping techniques!<\/strong><\/p>\n<p>Whether you are a competitive athlete, a beginner or an adult recreational skater, the Art Spinner is an unbeatable training tool for improving your pirouette and jumping technique. With its compact size, design and two-way rotation, the Spinner is a training aid for ballet dancers, dancers, gymnasts, figure skaters and anyone who wants to strengthen their coordination as well as their core muscles and improve their balance with each use.<\/p>\n<p>\u00a9 Golden Skate Oy<\/p>\n","protected":false},"featured_media":110624,"comment_status":"open","ping_status":"closed","template":"","meta":{"_acf_changed":false},"product_brand":[],"product_cat":[6556,50,47,3452,6553,5305,3442],"product_tag":[5657,5635,5656,5631,6486,4878,5659],"class_list":{"0":"post-36676","1":"product","2":"type-product","3":"status-publish","4":"has-post-thumbnail","6":"product_cat-accessories","7":"product_cat-6accessories","8":"product_cat-9products-total","9":"product_cat-brands","10":"product_cat-gymnastics","11":"product_cat-spinners","12":"product_cat-training-gear","13":"product_tag-balance","14":"product_tag-balance-board","15":"product_tag-pirouettes-en","16":"product_tag-pirouettes-board","17":"product_tag-round-pirouette-board","18":"product_tag-spinner","19":"product_tag-spinner-en","20":"pa_vari-aqua-en","21":"pa_vari-avellana-en","22":"pa_vari-bahama-en","23":"pa_vari-bahamas-en-2","24":"pa_vari-bali-en","25":"pa_vari-beige-en","26":"pa_vari-blue","27":"pa_vari-borabora-en","28":"pa_vari-cook-en","29":"pa_vari-fucsia","30":"pa_vari-green","31":"pa_vari-grey","32":"pa_vari-light-blue","33":"pa_vari-pink-en","34":"pa_vari-silver","35":"pa_vari-hopea-musta-en","36":"pa_vari-violet","37":"pa_vari-white","38":"pa_vari-yellow","40":"first","41":"instock","42":"taxable","43":"shipping-taxable","44":"purchasable","45":"product-type-simple"},"yoast_head":"<!-- This site is optimized with the Yoast SEO plugin v27.3 - https:\/\/yoast.com\/product\/yoast-seo-wordpress\/ -->\n<title>Art Spinner, Pirouette board - Golden Skate<\/title>\n<meta name=\"robots\" content=\"index, follow, max-snippet:-1, max-image-preview:large, max-video-preview:-1\" \/>\n<link rel=\"canonical\" href=\"https:\/\/goldenskate.fi\/en\/product\/spinner-piruet-board\/\" \/>\n<meta property=\"og:locale\" content=\"en_US\" \/>\n<meta property=\"og:type\" content=\"article\" \/>\n<meta property=\"og:title\" content=\"Art Spinner, Pirouette board - Golden Skate\" \/>\n<meta property=\"og:description\" content=\"Dancer, gymnast, ballet dancer, figure skater!  Achieve your dreams more easily!  Spin faster on the gound, ice and in the air - you will achieve amazing results in body support and coordination of movements!  &nbsp;  As a goal-oriented athlete, you know that your equipment plays an essential role in your training and performance. You invest so much time, energy and resources to be the best, so it is important that you have the best equipment to help you on this journey. Our products from Golden Skate company meet this need.  Art Fast Spinner, which is made entirely of metal, making it a very durable and very well spinning board. The Art Spinner is designed with a unique compact shape and design - you can take the spinner wherever you want. The bearings in the board are special. They are designed to last and spin fast! The metal frame holds its position perfectly and every spin with the Art Spinner is always the same in quality.  Art Spinner   Improve your pirouette and jumping techniques!  Whether you are a competitive athlete, a beginner or an adult recreational skater, the Art Spinner is an unbeatable training tool for improving your pirouette and jumping technique. With its compact size, design and two-way rotation, the Spinner is a training aid for ballet dancers, dancers, gymnasts, figure skaters and anyone who wants to strengthen their coordination as well as their core muscles and improve their balance with each use.  \u00a9 Golden Skate Oy\" \/>\n<meta property=\"og:url\" content=\"https:\/\/goldenskate.fi\/en\/product\/spinner-piruet-board\/\" \/>\n<meta property=\"og:site_name\" content=\"Golden Skate\" \/>\n<meta property=\"article:modified_time\" content=\"2026-03-22T22:11:28+00:00\" \/>\n<meta property=\"og:image\" content=\"https:\/\/goldenskate.fi\/wp-content\/uploads\/2022\/02\/pinkki-spinner-1-Photoroom.png\" \/>\n\t<meta property=\"og:image:width\" content=\"729\" \/>\n\t<meta property=\"og:image:height\" content=\"729\" \/>\n\t<meta property=\"og:image:type\" content=\"image\/png\" \/>\n<meta name=\"twitter:card\" content=\"summary_large_image\" \/>\n<meta name=\"twitter:label1\" content=\"Est. reading time\" \/>\n\t<meta name=\"twitter:data1\" content=\"2 minutes\" \/>\n<script type=\"application\/ld+json\" class=\"yoast-schema-graph\">{\"@context\":\"https:\\\/\\\/schema.org\",\"@graph\":[{\"@type\":\"WebPage\",\"@id\":\"https:\\\/\\\/goldenskate.fi\\\/en\\\/product\\\/spinner-piruet-board\\\/\",\"url\":\"https:\\\/\\\/goldenskate.fi\\\/en\\\/product\\\/spinner-piruet-board\\\/\",\"name\":\"Art Spinner, Pirouette board - Golden Skate\",\"isPartOf\":{\"@id\":\"https:\\\/\\\/goldenskate.fi\\\/en\\\/#website\"},\"primaryImageOfPage\":{\"@id\":\"https:\\\/\\\/goldenskate.fi\\\/en\\\/product\\\/spinner-piruet-board\\\/#primaryimage\"},\"image\":{\"@id\":\"https:\\\/\\\/goldenskate.fi\\\/en\\\/product\\\/spinner-piruet-board\\\/#primaryimage\"},\"thumbnailUrl\":\"https:\\\/\\\/goldenskate.fi\\\/wp-content\\\/uploads\\\/2025\\\/04\\\/art-spinner-100-kotimainen.jpeg\",\"datePublished\":\"2025-12-01T09:14:46+00:00\",\"dateModified\":\"2026-03-22T22:11:28+00:00\",\"breadcrumb\":{\"@id\":\"https:\\\/\\\/goldenskate.fi\\\/en\\\/product\\\/spinner-piruet-board\\\/#breadcrumb\"},\"inLanguage\":\"en-US\",\"potentialAction\":[{\"@type\":\"ReadAction\",\"target\":[\"https:\\\/\\\/goldenskate.fi\\\/en\\\/product\\\/spinner-piruet-board\\\/\"]}]},{\"@type\":\"ImageObject\",\"inLanguage\":\"en-US\",\"@id\":\"https:\\\/\\\/goldenskate.fi\\\/en\\\/product\\\/spinner-piruet-board\\\/#primaryimage\",\"url\":\"https:\\\/\\\/goldenskate.fi\\\/wp-content\\\/uploads\\\/2025\\\/04\\\/art-spinner-100-kotimainen.jpeg\",\"contentUrl\":\"https:\\\/\\\/goldenskate.fi\\\/wp-content\\\/uploads\\\/2025\\\/04\\\/art-spinner-100-kotimainen.jpeg\",\"width\":745,\"height\":742,\"caption\":\"Art spinner\"},{\"@type\":\"BreadcrumbList\",\"@id\":\"https:\\\/\\\/goldenskate.fi\\\/en\\\/product\\\/spinner-piruet-board\\\/#breadcrumb\",\"itemListElement\":[{\"@type\":\"ListItem\",\"position\":1,\"name\":\"Etusivu\",\"item\":\"https:\\\/\\\/goldenskate.fi\\\/en\\\/\"},{\"@type\":\"ListItem\",\"position\":2,\"name\":\"Online Shop\",\"item\":\"https:\\\/\\\/goldenskate.fi\\\/en\\\/shop\\\/\"},{\"@type\":\"ListItem\",\"position\":3,\"name\":\"Art Spinner, Pirouette board\"}]},{\"@type\":\"WebSite\",\"@id\":\"https:\\\/\\\/goldenskate.fi\\\/en\\\/#website\",\"url\":\"https:\\\/\\\/goldenskate.fi\\\/en\\\/\",\"name\":\"Golden Skate\",\"description\":\"Taitoluistin myym\u00e4l\u00e4 ja verkkokauppa Tampereella\",\"publisher\":{\"@id\":\"https:\\\/\\\/goldenskate.fi\\\/en\\\/#organization\"},\"potentialAction\":[{\"@type\":\"SearchAction\",\"target\":{\"@type\":\"EntryPoint\",\"urlTemplate\":\"https:\\\/\\\/goldenskate.fi\\\/en\\\/?s={search_term_string}\"},\"query-input\":{\"@type\":\"PropertyValueSpecification\",\"valueRequired\":true,\"valueName\":\"search_term_string\"}}],\"inLanguage\":\"en-US\"},{\"@type\":\"Organization\",\"@id\":\"https:\\\/\\\/goldenskate.fi\\\/en\\\/#organization\",\"name\":\"Golden Skate Oy\",\"url\":\"https:\\\/\\\/goldenskate.fi\\\/en\\\/\",\"logo\":{\"@type\":\"ImageObject\",\"inLanguage\":\"en-US\",\"@id\":\"https:\\\/\\\/goldenskate.fi\\\/en\\\/#\\\/schema\\\/logo\\\/image\\\/\",\"url\":\"https:\\\/\\\/goldenskate.fi\\\/wp-content\\\/uploads\\\/2020\\\/10\\\/cropped-GoldenSkateLogo.png\",\"contentUrl\":\"https:\\\/\\\/goldenskate.fi\\\/wp-content\\\/uploads\\\/2020\\\/10\\\/cropped-GoldenSkateLogo.png\",\"width\":512,\"height\":512,\"caption\":\"Golden Skate Oy\"},\"image\":{\"@id\":\"https:\\\/\\\/goldenskate.fi\\\/en\\\/#\\\/schema\\\/logo\\\/image\\\/\"}}]}<\/script>\n<!-- \/ Yoast SEO plugin. -->","yoast_head_json":{"title":"Art Spinner, Pirouette board - Golden Skate","robots":{"index":"index","follow":"follow","max-snippet":"max-snippet:-1","max-image-preview":"max-image-preview:large","max-video-preview":"max-video-preview:-1"},"canonical":"https:\/\/goldenskate.fi\/en\/product\/spinner-piruet-board\/","og_locale":"en_US","og_type":"article","og_title":"Art Spinner, Pirouette board - Golden Skate","og_description":"Dancer, gymnast, ballet dancer, figure skater!  Achieve your dreams more easily!  Spin faster on the gound, ice and in the air - you will achieve amazing results in body support and coordination of movements!  &nbsp;  As a goal-oriented athlete, you know that your equipment plays an essential role in your training and performance. You invest so much time, energy and resources to be the best, so it is important that you have the best equipment to help you on this journey. Our products from Golden Skate company meet this need.  Art Fast Spinner, which is made entirely of metal, making it a very durable and very well spinning board. The Art Spinner is designed with a unique compact shape and design - you can take the spinner wherever you want. The bearings in the board are special. They are designed to last and spin fast! The metal frame holds its position perfectly and every spin with the Art Spinner is always the same in quality.  Art Spinner   Improve your pirouette and jumping techniques!  Whether you are a competitive athlete, a beginner or an adult recreational skater, the Art Spinner is an unbeatable training tool for improving your pirouette and jumping technique. With its compact size, design and two-way rotation, the Spinner is a training aid for ballet dancers, dancers, gymnasts, figure skaters and anyone who wants to strengthen their coordination as well as their core muscles and improve their balance with each use.  \u00a9 Golden Skate Oy","og_url":"https:\/\/goldenskate.fi\/en\/product\/spinner-piruet-board\/","og_site_name":"Golden Skate","article_modified_time":"2026-03-22T22:11:28+00:00","og_image":[{"width":729,"height":729,"url":"https:\/\/goldenskate.fi\/wp-content\/uploads\/2022\/02\/pinkki-spinner-1-Photoroom.png","type":"image\/png"}],"twitter_card":"summary_large_image","twitter_misc":{"Est. reading time":"2 minutes"},"schema":{"@context":"https:\/\/schema.org","@graph":[{"@type":"WebPage","@id":"https:\/\/goldenskate.fi\/en\/product\/spinner-piruet-board\/","url":"https:\/\/goldenskate.fi\/en\/product\/spinner-piruet-board\/","name":"Art Spinner, Pirouette board - Golden Skate","isPartOf":{"@id":"https:\/\/goldenskate.fi\/en\/#website"},"primaryImageOfPage":{"@id":"https:\/\/goldenskate.fi\/en\/product\/spinner-piruet-board\/#primaryimage"},"image":{"@id":"https:\/\/goldenskate.fi\/en\/product\/spinner-piruet-board\/#primaryimage"},"thumbnailUrl":"https:\/\/goldenskate.fi\/wp-content\/uploads\/2025\/04\/art-spinner-100-kotimainen.jpeg","datePublished":"2025-12-01T09:14:46+00:00","dateModified":"2026-03-22T22:11:28+00:00","breadcrumb":{"@id":"https:\/\/goldenskate.fi\/en\/product\/spinner-piruet-board\/#breadcrumb"},"inLanguage":"en-US","potentialAction":[{"@type":"ReadAction","target":["https:\/\/goldenskate.fi\/en\/product\/spinner-piruet-board\/"]}]},{"@type":"ImageObject","inLanguage":"en-US","@id":"https:\/\/goldenskate.fi\/en\/product\/spinner-piruet-board\/#primaryimage","url":"https:\/\/goldenskate.fi\/wp-content\/uploads\/2025\/04\/art-spinner-100-kotimainen.jpeg","contentUrl":"https:\/\/goldenskate.fi\/wp-content\/uploads\/2025\/04\/art-spinner-100-kotimainen.jpeg","width":745,"height":742,"caption":"Art spinner"},{"@type":"BreadcrumbList","@id":"https:\/\/goldenskate.fi\/en\/product\/spinner-piruet-board\/#breadcrumb","itemListElement":[{"@type":"ListItem","position":1,"name":"Etusivu","item":"https:\/\/goldenskate.fi\/en\/"},{"@type":"ListItem","position":2,"name":"Online Shop","item":"https:\/\/goldenskate.fi\/en\/shop\/"},{"@type":"ListItem","position":3,"name":"Art Spinner, Pirouette board"}]},{"@type":"WebSite","@id":"https:\/\/goldenskate.fi\/en\/#website","url":"https:\/\/goldenskate.fi\/en\/","name":"Golden Skate","description":"Taitoluistin myym\u00e4l\u00e4 ja verkkokauppa Tampereella","publisher":{"@id":"https:\/\/goldenskate.fi\/en\/#organization"},"potentialAction":[{"@type":"SearchAction","target":{"@type":"EntryPoint","urlTemplate":"https:\/\/goldenskate.fi\/en\/?s={search_term_string}"},"query-input":{"@type":"PropertyValueSpecification","valueRequired":true,"valueName":"search_term_string"}}],"inLanguage":"en-US"},{"@type":"Organization","@id":"https:\/\/goldenskate.fi\/en\/#organization","name":"Golden Skate Oy","url":"https:\/\/goldenskate.fi\/en\/","logo":{"@type":"ImageObject","inLanguage":"en-US","@id":"https:\/\/goldenskate.fi\/en\/#\/schema\/logo\/image\/","url":"https:\/\/goldenskate.fi\/wp-content\/uploads\/2020\/10\/cropped-GoldenSkateLogo.png","contentUrl":"https:\/\/goldenskate.fi\/wp-content\/uploads\/2020\/10\/cropped-GoldenSkateLogo.png","width":512,"height":512,"caption":"Golden Skate Oy"},"image":{"@id":"https:\/\/goldenskate.fi\/en\/#\/schema\/logo\/image\/"}}]}},"acf":[],"_links":{"self":[{"href":"https:\/\/goldenskate.fi\/en\/wp-json\/wp\/v2\/product\/36676","targetHints":{"allow":["GET"]}}],"collection":[{"href":"https:\/\/goldenskate.fi\/en\/wp-json\/wp\/v2\/product"}],"about":[{"href":"https:\/\/goldenskate.fi\/en\/wp-json\/wp\/v2\/types\/product"}],"replies":[{"embeddable":true,"href":"https:\/\/goldenskate.fi\/en\/wp-json\/wp\/v2\/comments?post=36676"}],"version-history":[{"count":8,"href":"https:\/\/goldenskate.fi\/en\/wp-json\/wp\/v2\/product\/36676\/revisions"}],"predecessor-version":[{"id":82281,"href":"https:\/\/goldenskate.fi\/en\/wp-json\/wp\/v2\/product\/36676\/revisions\/82281"}],"wp:featuredmedia":[{"embeddable":true,"href":"https:\/\/goldenskate.fi\/en\/wp-json\/wp\/v2\/media\/110624"}],"wp:attachment":[{"href":"https:\/\/goldenskate.fi\/en\/wp-json\/wp\/v2\/media?parent=36676"}],"wp:term":[{"taxonomy":"product_brand","embeddable":true,"href":"https:\/\/goldenskate.fi\/en\/wp-json\/wp\/v2\/product_brand?post=36676"},{"taxonomy":"product_cat","embeddable":true,"href":"https:\/\/goldenskate.fi\/en\/wp-json\/wp\/v2\/product_cat?post=36676"},{"taxonomy":"product_tag","embeddable":true,"href":"https:\/\/goldenskate.fi\/en\/wp-json\/wp\/v2\/product_tag?post=36676"}],"curies":[{"name":"wp","href":"https:\/\/api.w.org\/{rel}","templated":true}]}}