{"id":53672,"date":"2024-03-07T16:30:44","date_gmt":"2024-03-07T14:30:44","guid":{"rendered":"https:\/\/goldenskate.fi\/?post_type=product&#038;p=53672"},"modified":"2026-04-10T00:12:35","modified_gmt":"2026-04-09T21:12:35","slug":"zuca-tag-a-long-tote-bag-white-kopio","status":"publish","type":"product","link":"https:\/\/goldenskate.fi\/en\/product\/zuca-tag-a-long-tote-bag-white-kopio\/","title":{"rendered":"Pink Ballet picture Training bag"},"content":{"rendered":"<p><b>Pink off ice training bag<\/b><\/p>\n<pre id=\"tw-target-text\" class=\"tw-data-text tw-text-large tw-ta\" dir=\"ltr\" data-placeholder=\"K\u00e4\u00e4nn\u00f6s\" data-ved=\"2ahUKEwi3n4SArOKEAxUGEhAIHQiwBvcQ3ewLegQIBRAU\"><span class=\"Y2IQFc\" lang=\"en\">An accessory bag for storing things and training and for competitions and when your on the ice you can give it to you coach during competition performance.<\/span><\/pre>\n<p>&nbsp;<\/p>\n","protected":false},"excerpt":{"rendered":"<p><strong>Pink ballet picture training bag<\/strong><\/p>\n","protected":false},"featured_media":53674,"comment_status":"closed","ping_status":"closed","template":"","meta":{"_acf_changed":false},"product_brand":[],"product_cat":[50,6556,47,3452,6553,3453,3483,3451],"product_tag":[4758,4761,5382,4880,4868,6011,4766,4776],"class_list":{"0":"post-53672","1":"product","2":"type-product","3":"status-publish","4":"has-post-thumbnail","6":"product_cat-6accessories","7":"product_cat-accessories","8":"product_cat-9products-total","9":"product_cat-brands","10":"product_cat-gymnastics","11":"product_cat-bags-skate-sacks-and-garment-bags","12":"product_cat-zuca-en","13":"product_cat-zuca-laukut-en","14":"product_tag-bag","15":"product_tag-bags","16":"product_tag-carrying-bag","17":"product_tag-figure-skating-en","18":"product_tag-figure-skating-accessories","19":"product_tag-multipurpose-bag","20":"product_tag-skating","21":"product_tag-skating-accessories","23":"first","24":"instock","25":"taxable","26":"shipping-taxable","27":"purchasable","28":"product-type-simple"},"yoast_head":"<!-- This site is optimized with the Yoast SEO plugin v27.3 - https:\/\/yoast.com\/product\/yoast-seo-wordpress\/ -->\n<title>Pink Ballet picture Training bag - Golden Skate<\/title>\n<meta name=\"robots\" content=\"index, follow, max-snippet:-1, max-image-preview:large, max-video-preview:-1\" \/>\n<link rel=\"canonical\" href=\"https:\/\/goldenskate.fi\/en\/product\/zuca-tag-a-long-tote-bag-white-kopio\/\" \/>\n<meta property=\"og:locale\" content=\"en_US\" \/>\n<meta property=\"og:type\" content=\"article\" \/>\n<meta property=\"og:title\" content=\"Pink Ballet picture Training bag - Golden Skate\" \/>\n<meta property=\"og:description\" content=\"Pink ballet picture training bag\" \/>\n<meta property=\"og:url\" content=\"https:\/\/goldenskate.fi\/en\/product\/zuca-tag-a-long-tote-bag-white-kopio\/\" \/>\n<meta property=\"og:site_name\" content=\"Golden Skate\" \/>\n<meta property=\"article:modified_time\" content=\"2026-04-09T21:12:35+00:00\" \/>\n<meta property=\"og:image\" content=\"https:\/\/goldenskate.fi\/wp-content\/uploads\/2024\/03\/balettilaukku.jpeg\" \/>\n\t<meta property=\"og:image:width\" content=\"1170\" \/>\n\t<meta property=\"og:image:height\" content=\"1179\" \/>\n\t<meta property=\"og:image:type\" content=\"image\/jpeg\" \/>\n<meta name=\"twitter:card\" content=\"summary_large_image\" \/>\n<script type=\"application\/ld+json\" class=\"yoast-schema-graph\">{\"@context\":\"https:\\\/\\\/schema.org\",\"@graph\":[{\"@type\":\"WebPage\",\"@id\":\"https:\\\/\\\/goldenskate.fi\\\/en\\\/product\\\/zuca-tag-a-long-tote-bag-white-kopio\\\/\",\"url\":\"https:\\\/\\\/goldenskate.fi\\\/en\\\/product\\\/zuca-tag-a-long-tote-bag-white-kopio\\\/\",\"name\":\"Pink Ballet picture Training bag - Golden Skate\",\"isPartOf\":{\"@id\":\"https:\\\/\\\/goldenskate.fi\\\/en\\\/#website\"},\"primaryImageOfPage\":{\"@id\":\"https:\\\/\\\/goldenskate.fi\\\/en\\\/product\\\/zuca-tag-a-long-tote-bag-white-kopio\\\/#primaryimage\"},\"image\":{\"@id\":\"https:\\\/\\\/goldenskate.fi\\\/en\\\/product\\\/zuca-tag-a-long-tote-bag-white-kopio\\\/#primaryimage\"},\"thumbnailUrl\":\"https:\\\/\\\/goldenskate.fi\\\/wp-content\\\/uploads\\\/2024\\\/03\\\/balettilaukku.jpeg\",\"datePublished\":\"2024-03-07T14:30:44+00:00\",\"dateModified\":\"2026-04-09T21:12:35+00:00\",\"breadcrumb\":{\"@id\":\"https:\\\/\\\/goldenskate.fi\\\/en\\\/product\\\/zuca-tag-a-long-tote-bag-white-kopio\\\/#breadcrumb\"},\"inLanguage\":\"en-US\",\"potentialAction\":[{\"@type\":\"ReadAction\",\"target\":[\"https:\\\/\\\/goldenskate.fi\\\/en\\\/product\\\/zuca-tag-a-long-tote-bag-white-kopio\\\/\"]}]},{\"@type\":\"ImageObject\",\"inLanguage\":\"en-US\",\"@id\":\"https:\\\/\\\/goldenskate.fi\\\/en\\\/product\\\/zuca-tag-a-long-tote-bag-white-kopio\\\/#primaryimage\",\"url\":\"https:\\\/\\\/goldenskate.fi\\\/wp-content\\\/uploads\\\/2024\\\/03\\\/balettilaukku.jpeg\",\"contentUrl\":\"https:\\\/\\\/goldenskate.fi\\\/wp-content\\\/uploads\\\/2024\\\/03\\\/balettilaukku.jpeg\",\"width\":1170,\"height\":1179},{\"@type\":\"BreadcrumbList\",\"@id\":\"https:\\\/\\\/goldenskate.fi\\\/en\\\/product\\\/zuca-tag-a-long-tote-bag-white-kopio\\\/#breadcrumb\",\"itemListElement\":[{\"@type\":\"ListItem\",\"position\":1,\"name\":\"Etusivu\",\"item\":\"https:\\\/\\\/goldenskate.fi\\\/en\\\/\"},{\"@type\":\"ListItem\",\"position\":2,\"name\":\"Online Shop\",\"item\":\"https:\\\/\\\/goldenskate.fi\\\/en\\\/shop\\\/\"},{\"@type\":\"ListItem\",\"position\":3,\"name\":\"Pink Ballet picture Training bag\"}]},{\"@type\":\"WebSite\",\"@id\":\"https:\\\/\\\/goldenskate.fi\\\/en\\\/#website\",\"url\":\"https:\\\/\\\/goldenskate.fi\\\/en\\\/\",\"name\":\"Golden Skate\",\"description\":\"Taitoluistin myym\u00e4l\u00e4 ja verkkokauppa Tampereella\",\"publisher\":{\"@id\":\"https:\\\/\\\/goldenskate.fi\\\/en\\\/#organization\"},\"potentialAction\":[{\"@type\":\"SearchAction\",\"target\":{\"@type\":\"EntryPoint\",\"urlTemplate\":\"https:\\\/\\\/goldenskate.fi\\\/en\\\/?s={search_term_string}\"},\"query-input\":{\"@type\":\"PropertyValueSpecification\",\"valueRequired\":true,\"valueName\":\"search_term_string\"}}],\"inLanguage\":\"en-US\"},{\"@type\":\"Organization\",\"@id\":\"https:\\\/\\\/goldenskate.fi\\\/en\\\/#organization\",\"name\":\"Golden Skate Oy\",\"url\":\"https:\\\/\\\/goldenskate.fi\\\/en\\\/\",\"logo\":{\"@type\":\"ImageObject\",\"inLanguage\":\"en-US\",\"@id\":\"https:\\\/\\\/goldenskate.fi\\\/en\\\/#\\\/schema\\\/logo\\\/image\\\/\",\"url\":\"https:\\\/\\\/goldenskate.fi\\\/wp-content\\\/uploads\\\/2020\\\/10\\\/cropped-GoldenSkateLogo.png\",\"contentUrl\":\"https:\\\/\\\/goldenskate.fi\\\/wp-content\\\/uploads\\\/2020\\\/10\\\/cropped-GoldenSkateLogo.png\",\"width\":512,\"height\":512,\"caption\":\"Golden Skate Oy\"},\"image\":{\"@id\":\"https:\\\/\\\/goldenskate.fi\\\/en\\\/#\\\/schema\\\/logo\\\/image\\\/\"}}]}<\/script>\n<!-- \/ Yoast SEO plugin. -->","yoast_head_json":{"title":"Pink Ballet picture Training bag - Golden Skate","robots":{"index":"index","follow":"follow","max-snippet":"max-snippet:-1","max-image-preview":"max-image-preview:large","max-video-preview":"max-video-preview:-1"},"canonical":"https:\/\/goldenskate.fi\/en\/product\/zuca-tag-a-long-tote-bag-white-kopio\/","og_locale":"en_US","og_type":"article","og_title":"Pink Ballet picture Training bag - Golden Skate","og_description":"Pink ballet picture training bag","og_url":"https:\/\/goldenskate.fi\/en\/product\/zuca-tag-a-long-tote-bag-white-kopio\/","og_site_name":"Golden Skate","article_modified_time":"2026-04-09T21:12:35+00:00","og_image":[{"width":1170,"height":1179,"url":"https:\/\/goldenskate.fi\/wp-content\/uploads\/2024\/03\/balettilaukku.jpeg","type":"image\/jpeg"}],"twitter_card":"summary_large_image","schema":{"@context":"https:\/\/schema.org","@graph":[{"@type":"WebPage","@id":"https:\/\/goldenskate.fi\/en\/product\/zuca-tag-a-long-tote-bag-white-kopio\/","url":"https:\/\/goldenskate.fi\/en\/product\/zuca-tag-a-long-tote-bag-white-kopio\/","name":"Pink Ballet picture Training bag - Golden Skate","isPartOf":{"@id":"https:\/\/goldenskate.fi\/en\/#website"},"primaryImageOfPage":{"@id":"https:\/\/goldenskate.fi\/en\/product\/zuca-tag-a-long-tote-bag-white-kopio\/#primaryimage"},"image":{"@id":"https:\/\/goldenskate.fi\/en\/product\/zuca-tag-a-long-tote-bag-white-kopio\/#primaryimage"},"thumbnailUrl":"https:\/\/goldenskate.fi\/wp-content\/uploads\/2024\/03\/balettilaukku.jpeg","datePublished":"2024-03-07T14:30:44+00:00","dateModified":"2026-04-09T21:12:35+00:00","breadcrumb":{"@id":"https:\/\/goldenskate.fi\/en\/product\/zuca-tag-a-long-tote-bag-white-kopio\/#breadcrumb"},"inLanguage":"en-US","potentialAction":[{"@type":"ReadAction","target":["https:\/\/goldenskate.fi\/en\/product\/zuca-tag-a-long-tote-bag-white-kopio\/"]}]},{"@type":"ImageObject","inLanguage":"en-US","@id":"https:\/\/goldenskate.fi\/en\/product\/zuca-tag-a-long-tote-bag-white-kopio\/#primaryimage","url":"https:\/\/goldenskate.fi\/wp-content\/uploads\/2024\/03\/balettilaukku.jpeg","contentUrl":"https:\/\/goldenskate.fi\/wp-content\/uploads\/2024\/03\/balettilaukku.jpeg","width":1170,"height":1179},{"@type":"BreadcrumbList","@id":"https:\/\/goldenskate.fi\/en\/product\/zuca-tag-a-long-tote-bag-white-kopio\/#breadcrumb","itemListElement":[{"@type":"ListItem","position":1,"name":"Etusivu","item":"https:\/\/goldenskate.fi\/en\/"},{"@type":"ListItem","position":2,"name":"Online Shop","item":"https:\/\/goldenskate.fi\/en\/shop\/"},{"@type":"ListItem","position":3,"name":"Pink Ballet picture Training bag"}]},{"@type":"WebSite","@id":"https:\/\/goldenskate.fi\/en\/#website","url":"https:\/\/goldenskate.fi\/en\/","name":"Golden Skate","description":"Taitoluistin myym\u00e4l\u00e4 ja verkkokauppa Tampereella","publisher":{"@id":"https:\/\/goldenskate.fi\/en\/#organization"},"potentialAction":[{"@type":"SearchAction","target":{"@type":"EntryPoint","urlTemplate":"https:\/\/goldenskate.fi\/en\/?s={search_term_string}"},"query-input":{"@type":"PropertyValueSpecification","valueRequired":true,"valueName":"search_term_string"}}],"inLanguage":"en-US"},{"@type":"Organization","@id":"https:\/\/goldenskate.fi\/en\/#organization","name":"Golden Skate Oy","url":"https:\/\/goldenskate.fi\/en\/","logo":{"@type":"ImageObject","inLanguage":"en-US","@id":"https:\/\/goldenskate.fi\/en\/#\/schema\/logo\/image\/","url":"https:\/\/goldenskate.fi\/wp-content\/uploads\/2020\/10\/cropped-GoldenSkateLogo.png","contentUrl":"https:\/\/goldenskate.fi\/wp-content\/uploads\/2020\/10\/cropped-GoldenSkateLogo.png","width":512,"height":512,"caption":"Golden Skate Oy"},"image":{"@id":"https:\/\/goldenskate.fi\/en\/#\/schema\/logo\/image\/"}}]}},"acf":[],"_links":{"self":[{"href":"https:\/\/goldenskate.fi\/en\/wp-json\/wp\/v2\/product\/53672","targetHints":{"allow":["GET"]}}],"collection":[{"href":"https:\/\/goldenskate.fi\/en\/wp-json\/wp\/v2\/product"}],"about":[{"href":"https:\/\/goldenskate.fi\/en\/wp-json\/wp\/v2\/types\/product"}],"replies":[{"embeddable":true,"href":"https:\/\/goldenskate.fi\/en\/wp-json\/wp\/v2\/comments?post=53672"}],"version-history":[{"count":1,"href":"https:\/\/goldenskate.fi\/en\/wp-json\/wp\/v2\/product\/53672\/revisions"}],"predecessor-version":[{"id":53682,"href":"https:\/\/goldenskate.fi\/en\/wp-json\/wp\/v2\/product\/53672\/revisions\/53682"}],"wp:featuredmedia":[{"embeddable":true,"href":"https:\/\/goldenskate.fi\/en\/wp-json\/wp\/v2\/media\/53674"}],"wp:attachment":[{"href":"https:\/\/goldenskate.fi\/en\/wp-json\/wp\/v2\/media?parent=53672"}],"wp:term":[{"taxonomy":"product_brand","embeddable":true,"href":"https:\/\/goldenskate.fi\/en\/wp-json\/wp\/v2\/product_brand?post=53672"},{"taxonomy":"product_cat","embeddable":true,"href":"https:\/\/goldenskate.fi\/en\/wp-json\/wp\/v2\/product_cat?post=53672"},{"taxonomy":"product_tag","embeddable":true,"href":"https:\/\/goldenskate.fi\/en\/wp-json\/wp\/v2\/product_tag?post=53672"}],"curies":[{"name":"wp","href":"https:\/\/api.w.org\/{rel}","templated":true}]}}