{"id":69054,"date":"2024-04-27T12:30:11","date_gmt":"2024-04-27T09:30:11","guid":{"rendered":"https:\/\/goldenskate.fi\/?post_type=product&#038;p=69054"},"modified":"2026-02-10T21:50:50","modified_gmt":"2026-02-10T19:50:50","slug":"iceh-protective-headband-kopio","status":"publish","type":"product","link":"https:\/\/goldenskate.fi\/en\/product\/iceh-protective-headband-kopio\/","title":{"rendered":"IceH Protective Headband Flex"},"content":{"rendered":"<p>&nbsp;<\/p>\n<pre id=\"tw-target-text\" class=\"tw-data-text tw-text-large tw-ta\" dir=\"ltr\" data-placeholder=\"K\u00e4\u00e4nn\u00f6s\" data-ved=\"2ahUKEwiejdzqkbaKAxUQKRAIHTJyDQEQ3ewLegQICRAU\" aria-label=\"K\u00e4\u00e4nnetty teksti: Protective headband Fex, the protective headband is designed to absorb blows to the head and by spreading the pressure caused by the blow. The protector does NOT replace the helmet, but helps to reduce the possibility of head injuries when the helmet is removed during training. Protect your brain from damage caused by collisions and repeated collisions.\u00a0 The collar is light and adjustable to fit different sized heads. It is made of a shock-absorbing foam layer., The headband goes around the head and protects important impact areas on the forehead and back of the skull.\r\n\r\nMaterial : Flexible terrycloth, foam, no Velcro.\r\n\r\nModification of the product should be avoided, as modification may reduce the product's effectiveness, which may lead to an increased risk of injury. If the product is broken or damaged, we recommend replacing it. It is not recommended to use a broken product.\r\n\r\nPanta is CE approved. CE marked: EC Type Examination Certificate, PPE-534-13724-Cert.\r\n\r\nEU confirmation insurance in accordance with Regulation (EU) 2016\/425 on personal protective equipment: EC type-examination certificate, PPE-534-13724-Cert\r\n\r\nThis head protection is also suitable for various sports such as football, floorball, handball, etc.\"><span class=\"Y2IQFc\" lang=\"en\">Protective headband Fex, the protective headband is designed to absorb blows to the head and by spreading the pressure caused by the blow. The protector does NOT replace the helmet, but helps to reduce the possibility of head injuries when the helmet is removed during training. Protect your brain from damage caused by collisions and repeated collisions.\u00a0 The collar is light and adjustable to fit different sized heads. It is made of a shock-absorbing foam layer., The headband goes around the head and protects important impact areas on the forehead and back of the skull.\r\n\r\nMaterial : Flexible terrycloth, foam, no Velcro.\r\n\r\nModification of the product should be avoided, as modification may reduce the product's effectiveness, which may lead to an increased risk of injury. If the product is broken or damaged, we recommend replacing it. It is not recommended to use a broken product.\r\n\r\nPanta is CE approved. CE marked: EC Type Examination Certificate, PPE-534-13724-Cert.\r\n\r\nEU confirmation insurance in accordance with Regulation (EU) 2016\/425 on personal protective equipment: EC type-examination certificate, PPE-534-13724-Cert\r\n\r\nThis head protection is also suitable for various sports such as football, floorball, handball, etc.<\/span><\/pre>\n","protected":false},"excerpt":{"rendered":"<p><strong>Ice H Flex headband <span title=\"\">with velcro fastening, does not replace helmet<\/span><\/strong><\/p>\n","protected":false},"featured_media":69556,"comment_status":"closed","ping_status":"closed","template":"","meta":{"_acf_changed":false},"product_brand":[],"product_cat":[47,45,3452,3457,3442],"product_tag":[4696,4704,4697,4888,4884,4880,4868,4897,4870,4873,4898,4901,4900,4887,4788,4766,4776,4774],"class_list":{"0":"post-69054","1":"product","2":"type-product","3":"status-publish","4":"has-post-thumbnail","6":"product_cat-9products-total","7":"product_cat-7beginners","8":"product_cat-brands","9":"product_cat-headwear-and-gloves","10":"product_cat-training-gear","11":"product_tag-beginner","12":"product_tag-beginner-accessories","13":"product_tag-beginner-skates","14":"product_tag-cover","15":"product_tag-covers","16":"product_tag-figure-skating-en","17":"product_tag-figure-skating-accessories","18":"product_tag-head","19":"product_tag-head-pand","20":"product_tag-headband","21":"product_tag-head-cover","22":"product_tag-head-cover-en","23":"product_tag-headpand","24":"product_tag-protect-headband","25":"product_tag-safety-headband","26":"product_tag-skating","27":"product_tag-skating-accessories","28":"product_tag-skating-headband","30":"first","31":"instock","32":"taxable","33":"shipping-taxable","34":"purchasable","35":"product-type-simple"},"yoast_head":"<!-- This site is optimized with the Yoast SEO plugin v27.3 - https:\/\/yoast.com\/product\/yoast-seo-wordpress\/ -->\n<title>IceH Protective Headband Flex - Golden Skate<\/title>\n<meta name=\"robots\" content=\"index, follow, max-snippet:-1, max-image-preview:large, max-video-preview:-1\" \/>\n<link rel=\"canonical\" href=\"https:\/\/goldenskate.fi\/en\/product\/iceh-protective-headband-kopio\/\" \/>\n<meta property=\"og:locale\" content=\"en_US\" \/>\n<meta property=\"og:type\" content=\"article\" \/>\n<meta property=\"og:title\" content=\"IceH Protective Headband Flex - Golden Skate\" \/>\n<meta property=\"og:description\" content=\"Ice H Flex headband with velcro fastening, does not replace helmet\" \/>\n<meta property=\"og:url\" content=\"https:\/\/goldenskate.fi\/en\/product\/iceh-protective-headband-kopio\/\" \/>\n<meta property=\"og:site_name\" content=\"Golden Skate\" \/>\n<meta property=\"article:modified_time\" content=\"2026-02-10T19:50:50+00:00\" \/>\n<meta property=\"og:image\" content=\"https:\/\/goldenskate.fi\/wp-content\/uploads\/2024\/12\/Flex-turvapanta.jpg\" \/>\n\t<meta property=\"og:image:width\" content=\"1024\" \/>\n\t<meta property=\"og:image:height\" content=\"768\" \/>\n\t<meta property=\"og:image:type\" content=\"image\/jpeg\" \/>\n<meta name=\"twitter:card\" content=\"summary_large_image\" \/>\n<meta name=\"twitter:label1\" content=\"Est. reading time\" \/>\n\t<meta name=\"twitter:data1\" content=\"1 minute\" \/>\n<script type=\"application\/ld+json\" class=\"yoast-schema-graph\">{\"@context\":\"https:\\\/\\\/schema.org\",\"@graph\":[{\"@type\":\"WebPage\",\"@id\":\"https:\\\/\\\/goldenskate.fi\\\/en\\\/product\\\/iceh-protective-headband-kopio\\\/\",\"url\":\"https:\\\/\\\/goldenskate.fi\\\/en\\\/product\\\/iceh-protective-headband-kopio\\\/\",\"name\":\"IceH Protective Headband Flex - Golden Skate\",\"isPartOf\":{\"@id\":\"https:\\\/\\\/goldenskate.fi\\\/en\\\/#website\"},\"primaryImageOfPage\":{\"@id\":\"https:\\\/\\\/goldenskate.fi\\\/en\\\/product\\\/iceh-protective-headband-kopio\\\/#primaryimage\"},\"image\":{\"@id\":\"https:\\\/\\\/goldenskate.fi\\\/en\\\/product\\\/iceh-protective-headband-kopio\\\/#primaryimage\"},\"thumbnailUrl\":\"https:\\\/\\\/goldenskate.fi\\\/wp-content\\\/uploads\\\/2024\\\/12\\\/Flex-turvapanta-300x300-Photoroom.png\",\"datePublished\":\"2024-04-27T09:30:11+00:00\",\"dateModified\":\"2026-02-10T19:50:50+00:00\",\"breadcrumb\":{\"@id\":\"https:\\\/\\\/goldenskate.fi\\\/en\\\/product\\\/iceh-protective-headband-kopio\\\/#breadcrumb\"},\"inLanguage\":\"en-US\",\"potentialAction\":[{\"@type\":\"ReadAction\",\"target\":[\"https:\\\/\\\/goldenskate.fi\\\/en\\\/product\\\/iceh-protective-headband-kopio\\\/\"]}]},{\"@type\":\"ImageObject\",\"inLanguage\":\"en-US\",\"@id\":\"https:\\\/\\\/goldenskate.fi\\\/en\\\/product\\\/iceh-protective-headband-kopio\\\/#primaryimage\",\"url\":\"https:\\\/\\\/goldenskate.fi\\\/wp-content\\\/uploads\\\/2024\\\/12\\\/Flex-turvapanta-300x300-Photoroom.png\",\"contentUrl\":\"https:\\\/\\\/goldenskate.fi\\\/wp-content\\\/uploads\\\/2024\\\/12\\\/Flex-turvapanta-300x300-Photoroom.png\",\"width\":300,\"height\":300},{\"@type\":\"BreadcrumbList\",\"@id\":\"https:\\\/\\\/goldenskate.fi\\\/en\\\/product\\\/iceh-protective-headband-kopio\\\/#breadcrumb\",\"itemListElement\":[{\"@type\":\"ListItem\",\"position\":1,\"name\":\"Etusivu\",\"item\":\"https:\\\/\\\/goldenskate.fi\\\/en\\\/\"},{\"@type\":\"ListItem\",\"position\":2,\"name\":\"Online Shop\",\"item\":\"https:\\\/\\\/goldenskate.fi\\\/en\\\/shop\\\/\"},{\"@type\":\"ListItem\",\"position\":3,\"name\":\"IceH Protective Headband Flex\"}]},{\"@type\":\"WebSite\",\"@id\":\"https:\\\/\\\/goldenskate.fi\\\/en\\\/#website\",\"url\":\"https:\\\/\\\/goldenskate.fi\\\/en\\\/\",\"name\":\"Golden Skate\",\"description\":\"Taitoluistin myym\u00e4l\u00e4 ja verkkokauppa Tampereella\",\"publisher\":{\"@id\":\"https:\\\/\\\/goldenskate.fi\\\/en\\\/#organization\"},\"potentialAction\":[{\"@type\":\"SearchAction\",\"target\":{\"@type\":\"EntryPoint\",\"urlTemplate\":\"https:\\\/\\\/goldenskate.fi\\\/en\\\/?s={search_term_string}\"},\"query-input\":{\"@type\":\"PropertyValueSpecification\",\"valueRequired\":true,\"valueName\":\"search_term_string\"}}],\"inLanguage\":\"en-US\"},{\"@type\":\"Organization\",\"@id\":\"https:\\\/\\\/goldenskate.fi\\\/en\\\/#organization\",\"name\":\"Golden Skate Oy\",\"url\":\"https:\\\/\\\/goldenskate.fi\\\/en\\\/\",\"logo\":{\"@type\":\"ImageObject\",\"inLanguage\":\"en-US\",\"@id\":\"https:\\\/\\\/goldenskate.fi\\\/en\\\/#\\\/schema\\\/logo\\\/image\\\/\",\"url\":\"https:\\\/\\\/goldenskate.fi\\\/wp-content\\\/uploads\\\/2020\\\/10\\\/cropped-GoldenSkateLogo.png\",\"contentUrl\":\"https:\\\/\\\/goldenskate.fi\\\/wp-content\\\/uploads\\\/2020\\\/10\\\/cropped-GoldenSkateLogo.png\",\"width\":512,\"height\":512,\"caption\":\"Golden Skate Oy\"},\"image\":{\"@id\":\"https:\\\/\\\/goldenskate.fi\\\/en\\\/#\\\/schema\\\/logo\\\/image\\\/\"}}]}<\/script>\n<!-- \/ Yoast SEO plugin. -->","yoast_head_json":{"title":"IceH Protective Headband Flex - Golden Skate","robots":{"index":"index","follow":"follow","max-snippet":"max-snippet:-1","max-image-preview":"max-image-preview:large","max-video-preview":"max-video-preview:-1"},"canonical":"https:\/\/goldenskate.fi\/en\/product\/iceh-protective-headband-kopio\/","og_locale":"en_US","og_type":"article","og_title":"IceH Protective Headband Flex - Golden Skate","og_description":"Ice H Flex headband with velcro fastening, does not replace helmet","og_url":"https:\/\/goldenskate.fi\/en\/product\/iceh-protective-headband-kopio\/","og_site_name":"Golden Skate","article_modified_time":"2026-02-10T19:50:50+00:00","og_image":[{"width":1024,"height":768,"url":"https:\/\/goldenskate.fi\/wp-content\/uploads\/2024\/12\/Flex-turvapanta.jpg","type":"image\/jpeg"}],"twitter_card":"summary_large_image","twitter_misc":{"Est. reading time":"1 minute"},"schema":{"@context":"https:\/\/schema.org","@graph":[{"@type":"WebPage","@id":"https:\/\/goldenskate.fi\/en\/product\/iceh-protective-headband-kopio\/","url":"https:\/\/goldenskate.fi\/en\/product\/iceh-protective-headband-kopio\/","name":"IceH Protective Headband Flex - Golden Skate","isPartOf":{"@id":"https:\/\/goldenskate.fi\/en\/#website"},"primaryImageOfPage":{"@id":"https:\/\/goldenskate.fi\/en\/product\/iceh-protective-headband-kopio\/#primaryimage"},"image":{"@id":"https:\/\/goldenskate.fi\/en\/product\/iceh-protective-headband-kopio\/#primaryimage"},"thumbnailUrl":"https:\/\/goldenskate.fi\/wp-content\/uploads\/2024\/12\/Flex-turvapanta-300x300-Photoroom.png","datePublished":"2024-04-27T09:30:11+00:00","dateModified":"2026-02-10T19:50:50+00:00","breadcrumb":{"@id":"https:\/\/goldenskate.fi\/en\/product\/iceh-protective-headband-kopio\/#breadcrumb"},"inLanguage":"en-US","potentialAction":[{"@type":"ReadAction","target":["https:\/\/goldenskate.fi\/en\/product\/iceh-protective-headband-kopio\/"]}]},{"@type":"ImageObject","inLanguage":"en-US","@id":"https:\/\/goldenskate.fi\/en\/product\/iceh-protective-headband-kopio\/#primaryimage","url":"https:\/\/goldenskate.fi\/wp-content\/uploads\/2024\/12\/Flex-turvapanta-300x300-Photoroom.png","contentUrl":"https:\/\/goldenskate.fi\/wp-content\/uploads\/2024\/12\/Flex-turvapanta-300x300-Photoroom.png","width":300,"height":300},{"@type":"BreadcrumbList","@id":"https:\/\/goldenskate.fi\/en\/product\/iceh-protective-headband-kopio\/#breadcrumb","itemListElement":[{"@type":"ListItem","position":1,"name":"Etusivu","item":"https:\/\/goldenskate.fi\/en\/"},{"@type":"ListItem","position":2,"name":"Online Shop","item":"https:\/\/goldenskate.fi\/en\/shop\/"},{"@type":"ListItem","position":3,"name":"IceH Protective Headband Flex"}]},{"@type":"WebSite","@id":"https:\/\/goldenskate.fi\/en\/#website","url":"https:\/\/goldenskate.fi\/en\/","name":"Golden Skate","description":"Taitoluistin myym\u00e4l\u00e4 ja verkkokauppa Tampereella","publisher":{"@id":"https:\/\/goldenskate.fi\/en\/#organization"},"potentialAction":[{"@type":"SearchAction","target":{"@type":"EntryPoint","urlTemplate":"https:\/\/goldenskate.fi\/en\/?s={search_term_string}"},"query-input":{"@type":"PropertyValueSpecification","valueRequired":true,"valueName":"search_term_string"}}],"inLanguage":"en-US"},{"@type":"Organization","@id":"https:\/\/goldenskate.fi\/en\/#organization","name":"Golden Skate Oy","url":"https:\/\/goldenskate.fi\/en\/","logo":{"@type":"ImageObject","inLanguage":"en-US","@id":"https:\/\/goldenskate.fi\/en\/#\/schema\/logo\/image\/","url":"https:\/\/goldenskate.fi\/wp-content\/uploads\/2020\/10\/cropped-GoldenSkateLogo.png","contentUrl":"https:\/\/goldenskate.fi\/wp-content\/uploads\/2020\/10\/cropped-GoldenSkateLogo.png","width":512,"height":512,"caption":"Golden Skate Oy"},"image":{"@id":"https:\/\/goldenskate.fi\/en\/#\/schema\/logo\/image\/"}}]}},"acf":[],"_links":{"self":[{"href":"https:\/\/goldenskate.fi\/en\/wp-json\/wp\/v2\/product\/69054","targetHints":{"allow":["GET"]}}],"collection":[{"href":"https:\/\/goldenskate.fi\/en\/wp-json\/wp\/v2\/product"}],"about":[{"href":"https:\/\/goldenskate.fi\/en\/wp-json\/wp\/v2\/types\/product"}],"replies":[{"embeddable":true,"href":"https:\/\/goldenskate.fi\/en\/wp-json\/wp\/v2\/comments?post=69054"}],"version-history":[{"count":1,"href":"https:\/\/goldenskate.fi\/en\/wp-json\/wp\/v2\/product\/69054\/revisions"}],"predecessor-version":[{"id":69059,"href":"https:\/\/goldenskate.fi\/en\/wp-json\/wp\/v2\/product\/69054\/revisions\/69059"}],"wp:featuredmedia":[{"embeddable":true,"href":"https:\/\/goldenskate.fi\/en\/wp-json\/wp\/v2\/media\/69556"}],"wp:attachment":[{"href":"https:\/\/goldenskate.fi\/en\/wp-json\/wp\/v2\/media?parent=69054"}],"wp:term":[{"taxonomy":"product_brand","embeddable":true,"href":"https:\/\/goldenskate.fi\/en\/wp-json\/wp\/v2\/product_brand?post=69054"},{"taxonomy":"product_cat","embeddable":true,"href":"https:\/\/goldenskate.fi\/en\/wp-json\/wp\/v2\/product_cat?post=69054"},{"taxonomy":"product_tag","embeddable":true,"href":"https:\/\/goldenskate.fi\/en\/wp-json\/wp\/v2\/product_tag?post=69054"}],"curies":[{"name":"wp","href":"https:\/\/api.w.org\/{rel}","templated":true}]}}