{"id":8218,"date":"2020-04-27T18:32:55","date_gmt":"2020-04-27T15:32:55","guid":{"rendered":"https:\/\/goldenskate-fi.wp-cloud.dev\/tuote\/protective-headband-neo"},"modified":"2026-02-26T22:02:05","modified_gmt":"2026-02-26T20:02:05","slug":"protective-headband-neo","status":"publish","type":"product","link":"https:\/\/goldenskate.fi\/en\/product\/protective-headband-neo\/","title":{"rendered":"IceH Protective Headband Neo"},"content":{"rendered":"<pre id=\"tw-target-text\" class=\"tw-data-text tw-text-large tw-ta\" dir=\"ltr\" data-placeholder=\"K\u00e4\u00e4nn\u00f6s\" data-ved=\"2ahUKEwiejdzqkbaKAxUQKRAIHTJyDQEQ3ewLegQICRAU\" aria-label=\"K\u00e4\u00e4nnetty teksti: Protective headband Neo, the protective headband is designed to absorb shocks to the head and by spreading the pressure caused by the shock evenly around the headband. The protector does NOT replace the helmet, but helps reduce the chance of head injuries when the helmet is removed in figure skating. The collar is easy to attach and adjust with Velcro. Head circumference approx. 40-60 cm.\r\n\r\nProtects around the head with shock-absorbing material. Protect your brain from damage caused by collisions and repeated collisions. This ICE H headband is light and adjustable to fit different head sizes. It is made of a shock-absorbing foam layer that wraps around the head and protects important impact areas around the head. The neoprene fabric is attached with Velcro. Breathable neoprene fabric maximizes comfort.\r\n\r\nModification of the product should be avoided, as modification may reduce the product's effectiveness, which may lead to an increased risk of injury. If the product is broken or damaged, we recommend replacing it. It is not recommended to use a broken product. Panta is CE approved.\r\n\r\nThe head protection has been approved for sale in the EU after extensive testing by an EU-approved testing facility. Neo is suitable for children and young people.\r\n\r\nCE marked: EC Type Examination Certificate, PPE-534-13724-Cert.\r\n\r\nEU confirmation insurance in accordance with Regulation (EU) 2016\/425 on personal protective equipment:\r\n\r\nEC type examination certificate, PPE-534-13724-Cert.\"><span class=\"Y2IQFc\" lang=\"en\">Protective headband Neo, the protective headband is designed to absorb shocks to the head and by spreading the pressure caused by the shock evenly around the headband. The protector does NOT replace the helmet, but helps reduce the chance of head injuries when the helmet is removed in figure skating. The collar is easy to attach and adjust with Velcro. Head circumference approx. 40-60 cm.\r\n\r\nProtects around the head with shock-absorbing material. Protect your brain from damage caused by collisions and repeated collisions. This ICE H headband is light and adjustable to fit different head sizes. It is made of a shock-absorbing foam layer that wraps around the head and protects important impact areas around the head. The neoprene fabric is attached with Velcro. Breathable neoprene fabric maximizes comfort.\r\n\r\nModification of the product should be avoided, as modification may reduce the product's effectiveness, which may lead to an increased risk of injury. If the product is broken or damaged, we recommend replacing it. It is not recommended to use a broken product. Panta is CE approved.\r\n\r\nThe head protection has been approved for sale in the EU after extensive testing by an EU-approved testing facility. Neo is suitable for children and young people.\r\n\r\nCE marked: EC Type Examination Certificate, PPE-534-13724-Cert.\r\n\r\nEU confirmation insurance in accordance with Regulation (EU) 2016\/425 on personal protective equipment:\r\n\r\nEC type examination certificate, PPE-534-13724-Cert.<\/span><\/pre>\n<p>&nbsp;<\/p>\n<p>&nbsp;<\/p>\n<p>&nbsp;<\/p>\n","protected":false},"excerpt":{"rendered":"<p><strong>Ice H Black\u00a0headband <span title=\"\">with velcro fastening, does not replace helmet<\/span><\/strong><\/p>\n","protected":false},"featured_media":29931,"comment_status":"closed","ping_status":"closed","template":"","meta":{"_acf_changed":false},"product_brand":[],"product_cat":[47,45,3452,3457,3442],"product_tag":[4696,4704,4697,4888,4884,4880,4868,4897,4870,4873,4898,4901,4900,4887,4788,4766,4776,4774],"class_list":{"0":"post-8218","1":"product","2":"type-product","3":"status-publish","4":"has-post-thumbnail","6":"product_cat-9products-total","7":"product_cat-7beginners","8":"product_cat-brands","9":"product_cat-headwear-and-gloves","10":"product_cat-training-gear","11":"product_tag-beginner","12":"product_tag-beginner-accessories","13":"product_tag-beginner-skates","14":"product_tag-cover","15":"product_tag-covers","16":"product_tag-figure-skating-en","17":"product_tag-figure-skating-accessories","18":"product_tag-head","19":"product_tag-head-pand","20":"product_tag-headband","21":"product_tag-head-cover","22":"product_tag-head-cover-en","23":"product_tag-headpand","24":"product_tag-protect-headband","25":"product_tag-safety-headband","26":"product_tag-skating","27":"product_tag-skating-accessories","28":"product_tag-skating-headband","30":"first","31":"instock","32":"taxable","33":"shipping-taxable","34":"purchasable","35":"product-type-simple"},"yoast_head":"<!-- This site is optimized with the Yoast SEO plugin v27.3 - https:\/\/yoast.com\/product\/yoast-seo-wordpress\/ -->\n<title>IceH Protective Headband Neo - Golden Skate<\/title>\n<meta name=\"robots\" content=\"index, follow, max-snippet:-1, max-image-preview:large, max-video-preview:-1\" \/>\n<link rel=\"canonical\" href=\"https:\/\/goldenskate.fi\/en\/product\/protective-headband-neo\/\" \/>\n<meta property=\"og:locale\" content=\"en_US\" \/>\n<meta property=\"og:type\" content=\"article\" \/>\n<meta property=\"og:title\" content=\"IceH Protective Headband Neo - Golden Skate\" \/>\n<meta property=\"og:description\" content=\"Ice H Black\u00a0headband with velcro fastening, does not replace helmet\" \/>\n<meta property=\"og:url\" content=\"https:\/\/goldenskate.fi\/en\/product\/protective-headband-neo\/\" \/>\n<meta property=\"og:site_name\" content=\"Golden Skate\" \/>\n<meta property=\"article:modified_time\" content=\"2026-02-26T20:02:05+00:00\" \/>\n<meta property=\"og:image\" content=\"https:\/\/goldenskate.fi\/wp-content\/uploads\/2020\/09\/zz_adobespark.png\" \/>\n\t<meta property=\"og:image:width\" content=\"1117\" \/>\n\t<meta property=\"og:image:height\" content=\"1117\" \/>\n\t<meta property=\"og:image:type\" content=\"image\/png\" \/>\n<meta name=\"twitter:card\" content=\"summary_large_image\" \/>\n<meta name=\"twitter:label1\" content=\"Est. reading time\" \/>\n\t<meta name=\"twitter:data1\" content=\"1 minute\" \/>\n<script type=\"application\/ld+json\" class=\"yoast-schema-graph\">{\"@context\":\"https:\\\/\\\/schema.org\",\"@graph\":[{\"@type\":\"WebPage\",\"@id\":\"https:\\\/\\\/goldenskate.fi\\\/en\\\/product\\\/protective-headband-neo\\\/\",\"url\":\"https:\\\/\\\/goldenskate.fi\\\/en\\\/product\\\/protective-headband-neo\\\/\",\"name\":\"IceH Protective Headband Neo - Golden Skate\",\"isPartOf\":{\"@id\":\"https:\\\/\\\/goldenskate.fi\\\/en\\\/#website\"},\"primaryImageOfPage\":{\"@id\":\"https:\\\/\\\/goldenskate.fi\\\/en\\\/product\\\/protective-headband-neo\\\/#primaryimage\"},\"image\":{\"@id\":\"https:\\\/\\\/goldenskate.fi\\\/en\\\/product\\\/protective-headband-neo\\\/#primaryimage\"},\"thumbnailUrl\":\"https:\\\/\\\/goldenskate.fi\\\/wp-content\\\/uploads\\\/2020\\\/09\\\/zz_adobespark.png\",\"datePublished\":\"2020-04-27T15:32:55+00:00\",\"dateModified\":\"2026-02-26T20:02:05+00:00\",\"breadcrumb\":{\"@id\":\"https:\\\/\\\/goldenskate.fi\\\/en\\\/product\\\/protective-headband-neo\\\/#breadcrumb\"},\"inLanguage\":\"en-US\",\"potentialAction\":[{\"@type\":\"ReadAction\",\"target\":[\"https:\\\/\\\/goldenskate.fi\\\/en\\\/product\\\/protective-headband-neo\\\/\"]}]},{\"@type\":\"ImageObject\",\"inLanguage\":\"en-US\",\"@id\":\"https:\\\/\\\/goldenskate.fi\\\/en\\\/product\\\/protective-headband-neo\\\/#primaryimage\",\"url\":\"https:\\\/\\\/goldenskate.fi\\\/wp-content\\\/uploads\\\/2020\\\/09\\\/zz_adobespark.png\",\"contentUrl\":\"https:\\\/\\\/goldenskate.fi\\\/wp-content\\\/uploads\\\/2020\\\/09\\\/zz_adobespark.png\",\"width\":1117,\"height\":1117,\"caption\":\"IceH Protective Headband\"},{\"@type\":\"BreadcrumbList\",\"@id\":\"https:\\\/\\\/goldenskate.fi\\\/en\\\/product\\\/protective-headband-neo\\\/#breadcrumb\",\"itemListElement\":[{\"@type\":\"ListItem\",\"position\":1,\"name\":\"Etusivu\",\"item\":\"https:\\\/\\\/goldenskate.fi\\\/en\\\/\"},{\"@type\":\"ListItem\",\"position\":2,\"name\":\"Online Shop\",\"item\":\"https:\\\/\\\/goldenskate.fi\\\/en\\\/shop\\\/\"},{\"@type\":\"ListItem\",\"position\":3,\"name\":\"IceH Protective Headband Neo\"}]},{\"@type\":\"WebSite\",\"@id\":\"https:\\\/\\\/goldenskate.fi\\\/en\\\/#website\",\"url\":\"https:\\\/\\\/goldenskate.fi\\\/en\\\/\",\"name\":\"Golden Skate\",\"description\":\"Taitoluistin myym\u00e4l\u00e4 ja verkkokauppa Tampereella\",\"publisher\":{\"@id\":\"https:\\\/\\\/goldenskate.fi\\\/en\\\/#organization\"},\"potentialAction\":[{\"@type\":\"SearchAction\",\"target\":{\"@type\":\"EntryPoint\",\"urlTemplate\":\"https:\\\/\\\/goldenskate.fi\\\/en\\\/?s={search_term_string}\"},\"query-input\":{\"@type\":\"PropertyValueSpecification\",\"valueRequired\":true,\"valueName\":\"search_term_string\"}}],\"inLanguage\":\"en-US\"},{\"@type\":\"Organization\",\"@id\":\"https:\\\/\\\/goldenskate.fi\\\/en\\\/#organization\",\"name\":\"Golden Skate Oy\",\"url\":\"https:\\\/\\\/goldenskate.fi\\\/en\\\/\",\"logo\":{\"@type\":\"ImageObject\",\"inLanguage\":\"en-US\",\"@id\":\"https:\\\/\\\/goldenskate.fi\\\/en\\\/#\\\/schema\\\/logo\\\/image\\\/\",\"url\":\"https:\\\/\\\/goldenskate.fi\\\/wp-content\\\/uploads\\\/2020\\\/10\\\/cropped-GoldenSkateLogo.png\",\"contentUrl\":\"https:\\\/\\\/goldenskate.fi\\\/wp-content\\\/uploads\\\/2020\\\/10\\\/cropped-GoldenSkateLogo.png\",\"width\":512,\"height\":512,\"caption\":\"Golden Skate Oy\"},\"image\":{\"@id\":\"https:\\\/\\\/goldenskate.fi\\\/en\\\/#\\\/schema\\\/logo\\\/image\\\/\"}}]}<\/script>\n<!-- \/ Yoast SEO plugin. -->","yoast_head_json":{"title":"IceH Protective Headband Neo - Golden Skate","robots":{"index":"index","follow":"follow","max-snippet":"max-snippet:-1","max-image-preview":"max-image-preview:large","max-video-preview":"max-video-preview:-1"},"canonical":"https:\/\/goldenskate.fi\/en\/product\/protective-headband-neo\/","og_locale":"en_US","og_type":"article","og_title":"IceH Protective Headband Neo - Golden Skate","og_description":"Ice H Black\u00a0headband with velcro fastening, does not replace helmet","og_url":"https:\/\/goldenskate.fi\/en\/product\/protective-headband-neo\/","og_site_name":"Golden Skate","article_modified_time":"2026-02-26T20:02:05+00:00","og_image":[{"width":1117,"height":1117,"url":"https:\/\/goldenskate.fi\/wp-content\/uploads\/2020\/09\/zz_adobespark.png","type":"image\/png"}],"twitter_card":"summary_large_image","twitter_misc":{"Est. reading time":"1 minute"},"schema":{"@context":"https:\/\/schema.org","@graph":[{"@type":"WebPage","@id":"https:\/\/goldenskate.fi\/en\/product\/protective-headband-neo\/","url":"https:\/\/goldenskate.fi\/en\/product\/protective-headband-neo\/","name":"IceH Protective Headband Neo - Golden Skate","isPartOf":{"@id":"https:\/\/goldenskate.fi\/en\/#website"},"primaryImageOfPage":{"@id":"https:\/\/goldenskate.fi\/en\/product\/protective-headband-neo\/#primaryimage"},"image":{"@id":"https:\/\/goldenskate.fi\/en\/product\/protective-headband-neo\/#primaryimage"},"thumbnailUrl":"https:\/\/goldenskate.fi\/wp-content\/uploads\/2020\/09\/zz_adobespark.png","datePublished":"2020-04-27T15:32:55+00:00","dateModified":"2026-02-26T20:02:05+00:00","breadcrumb":{"@id":"https:\/\/goldenskate.fi\/en\/product\/protective-headband-neo\/#breadcrumb"},"inLanguage":"en-US","potentialAction":[{"@type":"ReadAction","target":["https:\/\/goldenskate.fi\/en\/product\/protective-headband-neo\/"]}]},{"@type":"ImageObject","inLanguage":"en-US","@id":"https:\/\/goldenskate.fi\/en\/product\/protective-headband-neo\/#primaryimage","url":"https:\/\/goldenskate.fi\/wp-content\/uploads\/2020\/09\/zz_adobespark.png","contentUrl":"https:\/\/goldenskate.fi\/wp-content\/uploads\/2020\/09\/zz_adobespark.png","width":1117,"height":1117,"caption":"IceH Protective Headband"},{"@type":"BreadcrumbList","@id":"https:\/\/goldenskate.fi\/en\/product\/protective-headband-neo\/#breadcrumb","itemListElement":[{"@type":"ListItem","position":1,"name":"Etusivu","item":"https:\/\/goldenskate.fi\/en\/"},{"@type":"ListItem","position":2,"name":"Online Shop","item":"https:\/\/goldenskate.fi\/en\/shop\/"},{"@type":"ListItem","position":3,"name":"IceH Protective Headband Neo"}]},{"@type":"WebSite","@id":"https:\/\/goldenskate.fi\/en\/#website","url":"https:\/\/goldenskate.fi\/en\/","name":"Golden Skate","description":"Taitoluistin myym\u00e4l\u00e4 ja verkkokauppa Tampereella","publisher":{"@id":"https:\/\/goldenskate.fi\/en\/#organization"},"potentialAction":[{"@type":"SearchAction","target":{"@type":"EntryPoint","urlTemplate":"https:\/\/goldenskate.fi\/en\/?s={search_term_string}"},"query-input":{"@type":"PropertyValueSpecification","valueRequired":true,"valueName":"search_term_string"}}],"inLanguage":"en-US"},{"@type":"Organization","@id":"https:\/\/goldenskate.fi\/en\/#organization","name":"Golden Skate Oy","url":"https:\/\/goldenskate.fi\/en\/","logo":{"@type":"ImageObject","inLanguage":"en-US","@id":"https:\/\/goldenskate.fi\/en\/#\/schema\/logo\/image\/","url":"https:\/\/goldenskate.fi\/wp-content\/uploads\/2020\/10\/cropped-GoldenSkateLogo.png","contentUrl":"https:\/\/goldenskate.fi\/wp-content\/uploads\/2020\/10\/cropped-GoldenSkateLogo.png","width":512,"height":512,"caption":"Golden Skate Oy"},"image":{"@id":"https:\/\/goldenskate.fi\/en\/#\/schema\/logo\/image\/"}}]}},"acf":[],"_links":{"self":[{"href":"https:\/\/goldenskate.fi\/en\/wp-json\/wp\/v2\/product\/8218","targetHints":{"allow":["GET"]}}],"collection":[{"href":"https:\/\/goldenskate.fi\/en\/wp-json\/wp\/v2\/product"}],"about":[{"href":"https:\/\/goldenskate.fi\/en\/wp-json\/wp\/v2\/types\/product"}],"replies":[{"embeddable":true,"href":"https:\/\/goldenskate.fi\/en\/wp-json\/wp\/v2\/comments?post=8218"}],"version-history":[{"count":4,"href":"https:\/\/goldenskate.fi\/en\/wp-json\/wp\/v2\/product\/8218\/revisions"}],"predecessor-version":[{"id":69063,"href":"https:\/\/goldenskate.fi\/en\/wp-json\/wp\/v2\/product\/8218\/revisions\/69063"}],"wp:featuredmedia":[{"embeddable":true,"href":"https:\/\/goldenskate.fi\/en\/wp-json\/wp\/v2\/media\/29931"}],"wp:attachment":[{"href":"https:\/\/goldenskate.fi\/en\/wp-json\/wp\/v2\/media?parent=8218"}],"wp:term":[{"taxonomy":"product_brand","embeddable":true,"href":"https:\/\/goldenskate.fi\/en\/wp-json\/wp\/v2\/product_brand?post=8218"},{"taxonomy":"product_cat","embeddable":true,"href":"https:\/\/goldenskate.fi\/en\/wp-json\/wp\/v2\/product_cat?post=8218"},{"taxonomy":"product_tag","embeddable":true,"href":"https:\/\/goldenskate.fi\/en\/wp-json\/wp\/v2\/product_tag?post=8218"}],"curies":[{"name":"wp","href":"https:\/\/api.w.org\/{rel}","templated":true}]}}